{"id":898,"date":"2023-09-09T16:12:19","date_gmt":"2023-09-09T14:12:19","guid":{"rendered":"http:\/\/aikido-lege-cap-ferret.fr\/?page_id=898"},"modified":"2023-11-30T15:59:15","modified_gmt":"2023-11-30T14:59:15","slug":"litterature-et-aikido","status":"publish","type":"page","link":"https:\/\/aikido-lege-cap-ferret.fr\/?page_id=898","title":{"rendered":"Litt\u00e9rature et A\u00efkido"},"content":{"rendered":"\n<figure class=\"wp-container-2 wp-block-gallery-1 wp-block-gallery has-nested-images columns-default is-cropped\">\n<figure class=\"wp-block-image size-large\"><img loading=\"lazy\" width=\"707\" height=\"1024\" data-id=\"916\"  src=\"http:\/\/aikido-lege-cap-ferret.fr\/wp-content\/uploads\/2023\/09\/IMG_20230903_135214-1-707x1024.jpg\" alt=\"\" class=\"wp-image-916\" srcset=\"https:\/\/aikido-lege-cap-ferret.fr\/wp-content\/uploads\/2023\/09\/IMG_20230903_135214-1-707x1024.jpg 707w, https:\/\/aikido-lege-cap-ferret.fr\/wp-content\/uploads\/2023\/09\/IMG_20230903_135214-1-207x300.jpg 207w, https:\/\/aikido-lege-cap-ferret.fr\/wp-content\/uploads\/2023\/09\/IMG_20230903_135214-1-768x1112.jpg 768w, https:\/\/aikido-lege-cap-ferret.fr\/wp-content\/uploads\/2023\/09\/IMG_20230903_135214-1-1061x1536.jpg 1061w, https:\/\/aikido-lege-cap-ferret.fr\/wp-content\/uploads\/2023\/09\/IMG_20230903_135214-1-1415x2048.jpg 1415w, https:\/\/aikido-lege-cap-ferret.fr\/wp-content\/uploads\/2023\/09\/IMG_20230903_135214-1-1200x1737.jpg 1200w, https:\/\/aikido-lege-cap-ferret.fr\/wp-content\/uploads\/2023\/09\/IMG_20230903_135214-1-scaled.jpg 1768w\" sizes=\"(max-width: 707px) 85vw, 707px\" \/><figcaption>dav<\/figcaption><\/figure>\n\n\n\n<figure class=\"wp-block-image size-large\"><img loading=\"lazy\" width=\"768\" height=\"1024\" data-id=\"917\"  src=\"http:\/\/aikido-lege-cap-ferret.fr\/wp-content\/uploads\/2023\/09\/IMG_20230903_135218-1-768x1024.jpg\" alt=\"\" class=\"wp-image-917\" srcset=\"https:\/\/aikido-lege-cap-ferret.fr\/wp-content\/uploads\/2023\/09\/IMG_20230903_135218-1-768x1024.jpg 768w, https:\/\/aikido-lege-cap-ferret.fr\/wp-content\/uploads\/2023\/09\/IMG_20230903_135218-1-225x300.jpg 225w, https:\/\/aikido-lege-cap-ferret.fr\/wp-content\/uploads\/2023\/09\/IMG_20230903_135218-1-1152x1536.jpg 1152w, https:\/\/aikido-lege-cap-ferret.fr\/wp-content\/uploads\/2023\/09\/IMG_20230903_135218-1-1536x2048.jpg 1536w, https:\/\/aikido-lege-cap-ferret.fr\/wp-content\/uploads\/2023\/09\/IMG_20230903_135218-1-1200x1600.jpg 1200w, https:\/\/aikido-lege-cap-ferret.fr\/wp-content\/uploads\/2023\/09\/IMG_20230903_135218-1-scaled.jpg 1920w\" sizes=\"(max-width: 768px) 85vw, 768px\" \/><figcaption>sdr<\/figcaption><\/figure>\n\n\n\n<figure class=\"wp-block-image size-large\"><img loading=\"lazy\" width=\"768\" height=\"1024\" data-id=\"918\"  src=\"http:\/\/aikido-lege-cap-ferret.fr\/wp-content\/uploads\/2023\/09\/IMG_20230903_135223-1-768x1024.jpg\" alt=\"\" class=\"wp-image-918\" srcset=\"https:\/\/aikido-lege-cap-ferret.fr\/wp-content\/uploads\/2023\/09\/IMG_20230903_135223-1-768x1024.jpg 768w, https:\/\/aikido-lege-cap-ferret.fr\/wp-content\/uploads\/2023\/09\/IMG_20230903_135223-1-225x300.jpg 225w, https:\/\/aikido-lege-cap-ferret.fr\/wp-content\/uploads\/2023\/09\/IMG_20230903_135223-1-1152x1536.jpg 1152w, https:\/\/aikido-lege-cap-ferret.fr\/wp-content\/uploads\/2023\/09\/IMG_20230903_135223-1-1536x2048.jpg 1536w, https:\/\/aikido-lege-cap-ferret.fr\/wp-content\/uploads\/2023\/09\/IMG_20230903_135223-1-1200x1600.jpg 1200w, https:\/\/aikido-lege-cap-ferret.fr\/wp-content\/uploads\/2023\/09\/IMG_20230903_135223-1-scaled.jpg 1920w\" sizes=\"(max-width: 768px) 85vw, 768px\" \/><figcaption>dav<\/figcaption><\/figure>\n\n\n\n<figure class=\"wp-block-image size-large\"><img loading=\"lazy\" width=\"768\" height=\"1024\" data-id=\"919\"  src=\"http:\/\/aikido-lege-cap-ferret.fr\/wp-content\/uploads\/2023\/09\/IMG_20230903_135230-1-768x1024.jpg\" alt=\"\" class=\"wp-image-919\" srcset=\"https:\/\/aikido-lege-cap-ferret.fr\/wp-content\/uploads\/2023\/09\/IMG_20230903_135230-1-768x1024.jpg 768w, https:\/\/aikido-lege-cap-ferret.fr\/wp-content\/uploads\/2023\/09\/IMG_20230903_135230-1-225x300.jpg 225w, https:\/\/aikido-lege-cap-ferret.fr\/wp-content\/uploads\/2023\/09\/IMG_20230903_135230-1-1152x1536.jpg 1152w, https:\/\/aikido-lege-cap-ferret.fr\/wp-content\/uploads\/2023\/09\/IMG_20230903_135230-1-1536x2048.jpg 1536w, https:\/\/aikido-lege-cap-ferret.fr\/wp-content\/uploads\/2023\/09\/IMG_20230903_135230-1-1200x1600.jpg 1200w, https:\/\/aikido-lege-cap-ferret.fr\/wp-content\/uploads\/2023\/09\/IMG_20230903_135230-1-scaled.jpg 1920w\" sizes=\"(max-width: 768px) 85vw, 768px\" \/><figcaption>dav<\/figcaption><\/figure>\n\n\n\n<figure class=\"wp-block-image size-large\"><img loading=\"lazy\" width=\"768\" height=\"1024\" data-id=\"921\"  src=\"http:\/\/aikido-lege-cap-ferret.fr\/wp-content\/uploads\/2023\/09\/IMG_20230903_135243-1-768x1024.jpg\" alt=\"\" class=\"wp-image-921\" srcset=\"https:\/\/aikido-lege-cap-ferret.fr\/wp-content\/uploads\/2023\/09\/IMG_20230903_135243-1-768x1024.jpg 768w, https:\/\/aikido-lege-cap-ferret.fr\/wp-content\/uploads\/2023\/09\/IMG_20230903_135243-1-225x300.jpg 225w, https:\/\/aikido-lege-cap-ferret.fr\/wp-content\/uploads\/2023\/09\/IMG_20230903_135243-1-1152x1536.jpg 1152w, https:\/\/aikido-lege-cap-ferret.fr\/wp-content\/uploads\/2023\/09\/IMG_20230903_135243-1-1536x2048.jpg 1536w, https:\/\/aikido-lege-cap-ferret.fr\/wp-content\/uploads\/2023\/09\/IMG_20230903_135243-1-1200x1600.jpg 1200w, https:\/\/aikido-lege-cap-ferret.fr\/wp-content\/uploads\/2023\/09\/IMG_20230903_135243-1-scaled.jpg 1920w\" sizes=\"(max-width: 768px) 85vw, 768px\" \/><figcaption>dav<\/figcaption><\/figure>\n\n\n\n<figure class=\"wp-block-image size-large\"><img loading=\"lazy\" width=\"768\" height=\"1024\" data-id=\"922\"  src=\"http:\/\/aikido-lege-cap-ferret.fr\/wp-content\/uploads\/2023\/09\/IMG_20230903_135255-1-768x1024.jpg\" alt=\"\" class=\"wp-image-922\" srcset=\"https:\/\/aikido-lege-cap-ferret.fr\/wp-content\/uploads\/2023\/09\/IMG_20230903_135255-1-768x1024.jpg 768w, https:\/\/aikido-lege-cap-ferret.fr\/wp-content\/uploads\/2023\/09\/IMG_20230903_135255-1-225x300.jpg 225w, https:\/\/aikido-lege-cap-ferret.fr\/wp-content\/uploads\/2023\/09\/IMG_20230903_135255-1-1152x1536.jpg 1152w, https:\/\/aikido-lege-cap-ferret.fr\/wp-content\/uploads\/2023\/09\/IMG_20230903_135255-1-1536x2048.jpg 1536w, https:\/\/aikido-lege-cap-ferret.fr\/wp-content\/uploads\/2023\/09\/IMG_20230903_135255-1-1200x1600.jpg 1200w, https:\/\/aikido-lege-cap-ferret.fr\/wp-content\/uploads\/2023\/09\/IMG_20230903_135255-1-scaled.jpg 1920w\" sizes=\"(max-width: 768px) 85vw, 768px\" \/><figcaption>dav<\/figcaption><\/figure>\n\n\n\n<figure class=\"wp-block-image size-large\"><img loading=\"lazy\" width=\"768\" height=\"1024\" data-id=\"923\"  src=\"http:\/\/aikido-lege-cap-ferret.fr\/wp-content\/uploads\/2023\/09\/IMG_20230903_135306-1-768x1024.jpg\" alt=\"\" class=\"wp-image-923\" srcset=\"https:\/\/aikido-lege-cap-ferret.fr\/wp-content\/uploads\/2023\/09\/IMG_20230903_135306-1-768x1024.jpg 768w, https:\/\/aikido-lege-cap-ferret.fr\/wp-content\/uploads\/2023\/09\/IMG_20230903_135306-1-225x300.jpg 225w, https:\/\/aikido-lege-cap-ferret.fr\/wp-content\/uploads\/2023\/09\/IMG_20230903_135306-1-1152x1536.jpg 1152w, https:\/\/aikido-lege-cap-ferret.fr\/wp-content\/uploads\/2023\/09\/IMG_20230903_135306-1-1536x2048.jpg 1536w, https:\/\/aikido-lege-cap-ferret.fr\/wp-content\/uploads\/2023\/09\/IMG_20230903_135306-1-1200x1600.jpg 1200w, https:\/\/aikido-lege-cap-ferret.fr\/wp-content\/uploads\/2023\/09\/IMG_20230903_135306-1-scaled.jpg 1920w\" sizes=\"(max-width: 768px) 85vw, 768px\" \/><figcaption>dav<\/figcaption><\/figure>\n\n\n\n<figure class=\"wp-block-image size-large\"><img loading=\"lazy\" width=\"768\" height=\"1024\" data-id=\"924\"  src=\"http:\/\/aikido-lege-cap-ferret.fr\/wp-content\/uploads\/2023\/09\/IMG_20230903_135314-1-768x1024.jpg\" alt=\"\" class=\"wp-image-924\" srcset=\"https:\/\/aikido-lege-cap-ferret.fr\/wp-content\/uploads\/2023\/09\/IMG_20230903_135314-1-768x1024.jpg 768w, https:\/\/aikido-lege-cap-ferret.fr\/wp-content\/uploads\/2023\/09\/IMG_20230903_135314-1-225x300.jpg 225w, https:\/\/aikido-lege-cap-ferret.fr\/wp-content\/uploads\/2023\/09\/IMG_20230903_135314-1-1152x1536.jpg 1152w, https:\/\/aikido-lege-cap-ferret.fr\/wp-content\/uploads\/2023\/09\/IMG_20230903_135314-1-1536x2048.jpg 1536w, https:\/\/aikido-lege-cap-ferret.fr\/wp-content\/uploads\/2023\/09\/IMG_20230903_135314-1-1200x1600.jpg 1200w, https:\/\/aikido-lege-cap-ferret.fr\/wp-content\/uploads\/2023\/09\/IMG_20230903_135314-1-scaled.jpg 1920w\" sizes=\"(max-width: 768px) 85vw, 768px\" \/><figcaption>dav<\/figcaption><\/figure>\n\n\n\n<figure class=\"wp-block-image size-large\"><img loading=\"lazy\" width=\"692\" height=\"1024\" data-id=\"925\"  src=\"http:\/\/aikido-lege-cap-ferret.fr\/wp-content\/uploads\/2023\/09\/IMG_20230903_135324-1-692x1024.jpg\" alt=\"\" class=\"wp-image-925\" srcset=\"https:\/\/aikido-lege-cap-ferret.fr\/wp-content\/uploads\/2023\/09\/IMG_20230903_135324-1-692x1024.jpg 692w, https:\/\/aikido-lege-cap-ferret.fr\/wp-content\/uploads\/2023\/09\/IMG_20230903_135324-1-203x300.jpg 203w, https:\/\/aikido-lege-cap-ferret.fr\/wp-content\/uploads\/2023\/09\/IMG_20230903_135324-1-768x1137.jpg 768w, https:\/\/aikido-lege-cap-ferret.fr\/wp-content\/uploads\/2023\/09\/IMG_20230903_135324-1-1038x1536.jpg 1038w, https:\/\/aikido-lege-cap-ferret.fr\/wp-content\/uploads\/2023\/09\/IMG_20230903_135324-1-1383x2048.jpg 1383w, https:\/\/aikido-lege-cap-ferret.fr\/wp-content\/uploads\/2023\/09\/IMG_20230903_135324-1-1200x1776.jpg 1200w, https:\/\/aikido-lege-cap-ferret.fr\/wp-content\/uploads\/2023\/09\/IMG_20230903_135324-1-scaled.jpg 1729w\" sizes=\"(max-width: 692px) 85vw, 692px\" \/><figcaption>dav<\/figcaption><\/figure>\n\n\n\n<figure class=\"wp-block-image size-large\"><img loading=\"lazy\" width=\"738\" height=\"1024\" data-id=\"926\"  src=\"http:\/\/aikido-lege-cap-ferret.fr\/wp-content\/uploads\/2023\/09\/IMG_20230903_135332-1-738x1024.jpg\" alt=\"\" class=\"wp-image-926\" srcset=\"https:\/\/aikido-lege-cap-ferret.fr\/wp-content\/uploads\/2023\/09\/IMG_20230903_135332-1-738x1024.jpg 738w, https:\/\/aikido-lege-cap-ferret.fr\/wp-content\/uploads\/2023\/09\/IMG_20230903_135332-1-216x300.jpg 216w, https:\/\/aikido-lege-cap-ferret.fr\/wp-content\/uploads\/2023\/09\/IMG_20230903_135332-1-768x1065.jpg 768w, https:\/\/aikido-lege-cap-ferret.fr\/wp-content\/uploads\/2023\/09\/IMG_20230903_135332-1-1108x1536.jpg 1108w, https:\/\/aikido-lege-cap-ferret.fr\/wp-content\/uploads\/2023\/09\/IMG_20230903_135332-1-1477x2048.jpg 1477w, https:\/\/aikido-lege-cap-ferret.fr\/wp-content\/uploads\/2023\/09\/IMG_20230903_135332-1-1200x1664.jpg 1200w, https:\/\/aikido-lege-cap-ferret.fr\/wp-content\/uploads\/2023\/09\/IMG_20230903_135332-1-scaled.jpg 1846w\" sizes=\"(max-width: 738px) 85vw, 738px\" \/><figcaption>dav<\/figcaption><\/figure>\n\n\n\n<figure class=\"wp-block-image size-large\"><img loading=\"lazy\" width=\"778\" height=\"1024\" data-id=\"927\"  src=\"http:\/\/aikido-lege-cap-ferret.fr\/wp-content\/uploads\/2023\/09\/IMG_20230903_135336-1-778x1024.jpg\" alt=\"\" class=\"wp-image-927\" srcset=\"https:\/\/aikido-lege-cap-ferret.fr\/wp-content\/uploads\/2023\/09\/IMG_20230903_135336-1-778x1024.jpg 778w, https:\/\/aikido-lege-cap-ferret.fr\/wp-content\/uploads\/2023\/09\/IMG_20230903_135336-1-228x300.jpg 228w, https:\/\/aikido-lege-cap-ferret.fr\/wp-content\/uploads\/2023\/09\/IMG_20230903_135336-1-768x1011.jpg 768w, https:\/\/aikido-lege-cap-ferret.fr\/wp-content\/uploads\/2023\/09\/IMG_20230903_135336-1-1167x1536.jpg 1167w, https:\/\/aikido-lege-cap-ferret.fr\/wp-content\/uploads\/2023\/09\/IMG_20230903_135336-1-1556x2048.jpg 1556w, https:\/\/aikido-lege-cap-ferret.fr\/wp-content\/uploads\/2023\/09\/IMG_20230903_135336-1-1200x1579.jpg 1200w, https:\/\/aikido-lege-cap-ferret.fr\/wp-content\/uploads\/2023\/09\/IMG_20230903_135336-1-scaled.jpg 1945w\" sizes=\"(max-width: 778px) 85vw, 778px\" \/><figcaption>dav<\/figcaption><\/figure>\n\n\n\n<figure class=\"wp-block-image size-large\"><img loading=\"lazy\" width=\"746\" height=\"1024\" data-id=\"910\"  src=\"http:\/\/aikido-lege-cap-ferret.fr\/wp-content\/uploads\/2023\/09\/IMG_20230903_135342-746x1024.jpg\" alt=\"\" class=\"wp-image-910\" srcset=\"https:\/\/aikido-lege-cap-ferret.fr\/wp-content\/uploads\/2023\/09\/IMG_20230903_135342-746x1024.jpg 746w, https:\/\/aikido-lege-cap-ferret.fr\/wp-content\/uploads\/2023\/09\/IMG_20230903_135342-218x300.jpg 218w, https:\/\/aikido-lege-cap-ferret.fr\/wp-content\/uploads\/2023\/09\/IMG_20230903_135342-768x1055.jpg 768w, https:\/\/aikido-lege-cap-ferret.fr\/wp-content\/uploads\/2023\/09\/IMG_20230903_135342-1118x1536.jpg 1118w, https:\/\/aikido-lege-cap-ferret.fr\/wp-content\/uploads\/2023\/09\/IMG_20230903_135342-1491x2048.jpg 1491w, https:\/\/aikido-lege-cap-ferret.fr\/wp-content\/uploads\/2023\/09\/IMG_20230903_135342-1200x1648.jpg 1200w, https:\/\/aikido-lege-cap-ferret.fr\/wp-content\/uploads\/2023\/09\/IMG_20230903_135342-scaled.jpg 1864w\" sizes=\"(max-width: 746px) 85vw, 746px\" \/><figcaption>dav<\/figcaption><\/figure>\n\n\n\n<figure class=\"wp-block-image size-large\"><img loading=\"lazy\" width=\"713\" height=\"1024\" data-id=\"928\"  src=\"http:\/\/aikido-lege-cap-ferret.fr\/wp-content\/uploads\/2023\/09\/IMG_20230903_135346-1-713x1024.jpg\" alt=\"\" class=\"wp-image-928\" srcset=\"https:\/\/aikido-lege-cap-ferret.fr\/wp-content\/uploads\/2023\/09\/IMG_20230903_135346-1-713x1024.jpg 713w, https:\/\/aikido-lege-cap-ferret.fr\/wp-content\/uploads\/2023\/09\/IMG_20230903_135346-1-209x300.jpg 209w, https:\/\/aikido-lege-cap-ferret.fr\/wp-content\/uploads\/2023\/09\/IMG_20230903_135346-1-768x1102.jpg 768w, https:\/\/aikido-lege-cap-ferret.fr\/wp-content\/uploads\/2023\/09\/IMG_20230903_135346-1-1070x1536.jpg 1070w, https:\/\/aikido-lege-cap-ferret.fr\/wp-content\/uploads\/2023\/09\/IMG_20230903_135346-1-1427x2048.jpg 1427w, https:\/\/aikido-lege-cap-ferret.fr\/wp-content\/uploads\/2023\/09\/IMG_20230903_135346-1-1200x1722.jpg 1200w, https:\/\/aikido-lege-cap-ferret.fr\/wp-content\/uploads\/2023\/09\/IMG_20230903_135346-1-scaled.jpg 1784w\" sizes=\"(max-width: 713px) 85vw, 713px\" \/><figcaption>dav<\/figcaption><\/figure>\n\n\n\n<figure class=\"wp-block-image size-large\"><img loading=\"lazy\" width=\"744\" height=\"1024\" data-id=\"929\"  src=\"http:\/\/aikido-lege-cap-ferret.fr\/wp-content\/uploads\/2023\/09\/IMG_20230903_135351-1-744x1024.jpg\" alt=\"\" class=\"wp-image-929\" srcset=\"https:\/\/aikido-lege-cap-ferret.fr\/wp-content\/uploads\/2023\/09\/IMG_20230903_135351-1-744x1024.jpg 744w, https:\/\/aikido-lege-cap-ferret.fr\/wp-content\/uploads\/2023\/09\/IMG_20230903_135351-1-218x300.jpg 218w, https:\/\/aikido-lege-cap-ferret.fr\/wp-content\/uploads\/2023\/09\/IMG_20230903_135351-1-768x1057.jpg 768w, https:\/\/aikido-lege-cap-ferret.fr\/wp-content\/uploads\/2023\/09\/IMG_20230903_135351-1-1116x1536.jpg 1116w, https:\/\/aikido-lege-cap-ferret.fr\/wp-content\/uploads\/2023\/09\/IMG_20230903_135351-1-1488x2048.jpg 1488w, https:\/\/aikido-lege-cap-ferret.fr\/wp-content\/uploads\/2023\/09\/IMG_20230903_135351-1-1200x1652.jpg 1200w, https:\/\/aikido-lege-cap-ferret.fr\/wp-content\/uploads\/2023\/09\/IMG_20230903_135351-1-scaled.jpg 1860w\" sizes=\"(max-width: 744px) 85vw, 744px\" \/><figcaption>dav<\/figcaption><\/figure>\n\n\n\n<figure class=\"wp-block-image size-large\"><img loading=\"lazy\" width=\"731\" height=\"1024\" data-id=\"913\"  src=\"http:\/\/aikido-lege-cap-ferret.fr\/wp-content\/uploads\/2023\/09\/IMG_20230903_135357-731x1024.jpg\" alt=\"\" class=\"wp-image-913\" srcset=\"https:\/\/aikido-lege-cap-ferret.fr\/wp-content\/uploads\/2023\/09\/IMG_20230903_135357-731x1024.jpg 731w, https:\/\/aikido-lege-cap-ferret.fr\/wp-content\/uploads\/2023\/09\/IMG_20230903_135357-214x300.jpg 214w, https:\/\/aikido-lege-cap-ferret.fr\/wp-content\/uploads\/2023\/09\/IMG_20230903_135357-768x1076.jpg 768w, https:\/\/aikido-lege-cap-ferret.fr\/wp-content\/uploads\/2023\/09\/IMG_20230903_135357-1097x1536.jpg 1097w, https:\/\/aikido-lege-cap-ferret.fr\/wp-content\/uploads\/2023\/09\/IMG_20230903_135357-1462x2048.jpg 1462w, https:\/\/aikido-lege-cap-ferret.fr\/wp-content\/uploads\/2023\/09\/IMG_20230903_135357-1200x1681.jpg 1200w, https:\/\/aikido-lege-cap-ferret.fr\/wp-content\/uploads\/2023\/09\/IMG_20230903_135357-scaled.jpg 1828w\" sizes=\"(max-width: 731px) 85vw, 731px\" \/><figcaption>dav<\/figcaption><\/figure>\n<\/figure>\n\n\n\n<p><strong>Cap A\u00efkido propose ces ouvrages en pr\u00eat pour ces adh\u00e9rents<\/strong> <\/p>\n\n\n\n<p><strong>Comment dans la litt\u00e9rature l\u2019a\u00efkido est-il pr\u00e9sent\u00e9 au lecteur, cette pr\u00e9sentation correspond-elle au v\u00e9cu dans les dojos, que dit-elle de notre discipline et donne-t-elle envie de d\u00e9buter dans la pratique ?<\/strong><\/p>\n\n\n\n<p>M\u00e9moire de Brigitte LANNELUC<\/p>\n\n\n\n<div class=\"wp-block-file\"><object class=\"wp-block-file__embed\" data=\"http:\/\/aikido-lege-cap-ferret.fr\/wp-content\/uploads\/2023\/09\/Memoire.pdf\" type=\"application\/pdf\" style=\"width:100%;height:600px\" aria-label=\"Contenu embarqu\u00e9 Memoire.\"><\/object><a id=\"wp-block-file--media-10a577ee-83e2-41cd-a315-d7f5908bfaa3\" href=\"http:\/\/aikido-lege-cap-ferret.fr\/wp-content\/uploads\/2023\/09\/Memoire.pdf\">Memoire<\/a><a href=\"http:\/\/aikido-lege-cap-ferret.fr\/wp-content\/uploads\/2023\/09\/Memoire.pdf\" class=\"wp-block-file__button\" download aria-describedby=\"wp-block-file--media-10a577ee-83e2-41cd-a315-d7f5908bfaa3\">T\u00e9l\u00e9charger<\/a><\/div>\n","protected":false},"excerpt":{"rendered":"<p>Cap A\u00efkido propose ces ouvrages en pr\u00eat pour ces adh\u00e9rents Comment dans la litt\u00e9rature l\u2019a\u00efkido est-il pr\u00e9sent\u00e9 au lecteur, cette pr\u00e9sentation correspond-elle au v\u00e9cu dans les dojos, que dit-elle de notre discipline et donne-t-elle envie de d\u00e9buter dans la pratique ? M\u00e9moire de Brigitte LANNELUC<\/p>\n","protected":false},"author":1,"featured_media":0,"parent":0,"menu_order":0,"comment_status":"closed","ping_status":"closed","template":"","meta":[],"_links":{"self":[{"href":"https:\/\/aikido-lege-cap-ferret.fr\/index.php?rest_route=\/wp\/v2\/pages\/898"}],"collection":[{"href":"https:\/\/aikido-lege-cap-ferret.fr\/index.php?rest_route=\/wp\/v2\/pages"}],"about":[{"href":"https:\/\/aikido-lege-cap-ferret.fr\/index.php?rest_route=\/wp\/v2\/types\/page"}],"author":[{"embeddable":true,"href":"https:\/\/aikido-lege-cap-ferret.fr\/index.php?rest_route=\/wp\/v2\/users\/1"}],"replies":[{"embeddable":true,"href":"https:\/\/aikido-lege-cap-ferret.fr\/index.php?rest_route=%2Fwp%2Fv2%2Fcomments&post=898"}],"version-history":[{"count":5,"href":"https:\/\/aikido-lege-cap-ferret.fr\/index.php?rest_route=\/wp\/v2\/pages\/898\/revisions"}],"predecessor-version":[{"id":986,"href":"https:\/\/aikido-lege-cap-ferret.fr\/index.php?rest_route=\/wp\/v2\/pages\/898\/revisions\/986"}],"wp:attachment":[{"href":"https:\/\/aikido-lege-cap-ferret.fr\/index.php?rest_route=%2Fwp%2Fv2%2Fmedia&parent=898"}],"curies":[{"name":"wp","href":"https:\/\/api.w.org\/{rel}","templated":true}]}}