{"id":823,"date":"2022-09-07T08:58:31","date_gmt":"2022-09-07T06:58:31","guid":{"rendered":"http:\/\/aikido-lege-cap-ferret.fr\/?page_id=823"},"modified":"2022-09-07T09:06:04","modified_gmt":"2022-09-07T07:06:04","slug":"forum-des-asso-2022","status":"publish","type":"page","link":"https:\/\/aikido-lege-cap-ferret.fr\/?page_id=823","title":{"rendered":"Forum des asso 2022"},"content":{"rendered":"\n<figure class=\"wp-block-image size-large\"><img loading=\"lazy\" width=\"1024\" height=\"610\" src=\"http:\/\/aikido-lege-cap-ferret.fr\/wp-content\/uploads\/2022\/09\/IMG-20220907-WA0000-1024x610.jpg\" alt=\"\" class=\"wp-image-833\" srcset=\"https:\/\/aikido-lege-cap-ferret.fr\/wp-content\/uploads\/2022\/09\/IMG-20220907-WA0000-1024x610.jpg 1024w, https:\/\/aikido-lege-cap-ferret.fr\/wp-content\/uploads\/2022\/09\/IMG-20220907-WA0000-300x179.jpg 300w, https:\/\/aikido-lege-cap-ferret.fr\/wp-content\/uploads\/2022\/09\/IMG-20220907-WA0000-768x457.jpg 768w, https:\/\/aikido-lege-cap-ferret.fr\/wp-content\/uploads\/2022\/09\/IMG-20220907-WA0000-1536x914.jpg 1536w, https:\/\/aikido-lege-cap-ferret.fr\/wp-content\/uploads\/2022\/09\/IMG-20220907-WA0000-1200x714.jpg 1200w, https:\/\/aikido-lege-cap-ferret.fr\/wp-content\/uploads\/2022\/09\/IMG-20220907-WA0000.jpg 1599w\" sizes=\"(max-width: 709px) 85vw, (max-width: 909px) 67vw, (max-width: 1362px) 62vw, 840px\" \/><\/figure>\n\n\n\n<figure class=\"wp-block-embed is-type-video is-provider-youtube wp-block-embed-youtube wp-embed-aspect-16-9 wp-has-aspect-ratio\"><div class=\"wp-block-embed__wrapper\">\n<iframe loading=\"lazy\" title=\"Cap A\u00efkido de 7 \u00e0 77 ans \u00e0 L\u00e8ge-Cap Ferret\" width=\"840\" height=\"473\" src=\"https:\/\/www.youtube.com\/embed\/xiyWMtRAICE?feature=oembed\" frameborder=\"0\" allow=\"accelerometer; autoplay; clipboard-write; encrypted-media; gyroscope; picture-in-picture\" allowfullscreen><\/iframe>\n<\/div><\/figure>\n","protected":false},"excerpt":{"rendered":"","protected":false},"author":1,"featured_media":0,"parent":0,"menu_order":0,"comment_status":"closed","ping_status":"closed","template":"","meta":[],"_links":{"self":[{"href":"https:\/\/aikido-lege-cap-ferret.fr\/index.php?rest_route=\/wp\/v2\/pages\/823"}],"collection":[{"href":"https:\/\/aikido-lege-cap-ferret.fr\/index.php?rest_route=\/wp\/v2\/pages"}],"about":[{"href":"https:\/\/aikido-lege-cap-ferret.fr\/index.php?rest_route=\/wp\/v2\/types\/page"}],"author":[{"embeddable":true,"href":"https:\/\/aikido-lege-cap-ferret.fr\/index.php?rest_route=\/wp\/v2\/users\/1"}],"replies":[{"embeddable":true,"href":"https:\/\/aikido-lege-cap-ferret.fr\/index.php?rest_route=%2Fwp%2Fv2%2Fcomments&post=823"}],"version-history":[{"count":2,"href":"https:\/\/aikido-lege-cap-ferret.fr\/index.php?rest_route=\/wp\/v2\/pages\/823\/revisions"}],"predecessor-version":[{"id":834,"href":"https:\/\/aikido-lege-cap-ferret.fr\/index.php?rest_route=\/wp\/v2\/pages\/823\/revisions\/834"}],"wp:attachment":[{"href":"https:\/\/aikido-lege-cap-ferret.fr\/index.php?rest_route=%2Fwp%2Fv2%2Fmedia&parent=823"}],"curies":[{"name":"wp","href":"https:\/\/api.w.org\/{rel}","templated":true}]}}