{"id":821,"date":"2022-09-07T08:55:55","date_gmt":"2022-09-07T06:55:55","guid":{"rendered":"http:\/\/aikido-lege-cap-ferret.fr\/?page_id=821"},"modified":"2022-09-07T08:55:55","modified_gmt":"2022-09-07T06:55:55","slug":"les-forums-des-asso","status":"publish","type":"page","link":"https:\/\/aikido-lege-cap-ferret.fr\/?page_id=821","title":{"rendered":"Les Forums des asso"},"content":{"rendered":"\n<p>Nous participons depuis 2019 aux forums des associations de la commune de L\u00e8ge &#8211; Cap Ferret qui a lieu le premier dimanche du mois de septembre. Nous proposons un stand pour pr\u00e9senter notre activit\u00e9, et deux d\u00e9monstrations dans la journ\u00e9e.<\/p>\n","protected":false},"excerpt":{"rendered":"<p>Nous participons depuis 2019 aux forums des associations de la commune de L\u00e8ge &#8211; Cap Ferret qui a lieu le premier dimanche du mois de septembre. Nous proposons un stand pour pr\u00e9senter notre activit\u00e9, et deux d\u00e9monstrations dans la journ\u00e9e.<\/p>\n","protected":false},"author":1,"featured_media":0,"parent":0,"menu_order":0,"comment_status":"closed","ping_status":"closed","template":"","meta":[],"_links":{"self":[{"href":"https:\/\/aikido-lege-cap-ferret.fr\/index.php?rest_route=\/wp\/v2\/pages\/821"}],"collection":[{"href":"https:\/\/aikido-lege-cap-ferret.fr\/index.php?rest_route=\/wp\/v2\/pages"}],"about":[{"href":"https:\/\/aikido-lege-cap-ferret.fr\/index.php?rest_route=\/wp\/v2\/types\/page"}],"author":[{"embeddable":true,"href":"https:\/\/aikido-lege-cap-ferret.fr\/index.php?rest_route=\/wp\/v2\/users\/1"}],"replies":[{"embeddable":true,"href":"https:\/\/aikido-lege-cap-ferret.fr\/index.php?rest_route=%2Fwp%2Fv2%2Fcomments&post=821"}],"version-history":[{"count":1,"href":"https:\/\/aikido-lege-cap-ferret.fr\/index.php?rest_route=\/wp\/v2\/pages\/821\/revisions"}],"predecessor-version":[{"id":822,"href":"https:\/\/aikido-lege-cap-ferret.fr\/index.php?rest_route=\/wp\/v2\/pages\/821\/revisions\/822"}],"wp:attachment":[{"href":"https:\/\/aikido-lege-cap-ferret.fr\/index.php?rest_route=%2Fwp%2Fv2%2Fmedia&parent=821"}],"curies":[{"name":"wp","href":"https:\/\/api.w.org\/{rel}","templated":true}]}}