{"id":788,"date":"2022-09-01T13:00:27","date_gmt":"2022-09-01T11:00:27","guid":{"rendered":"http:\/\/aikido-lege-cap-ferret.fr\/?page_id=788"},"modified":"2025-08-18T10:34:48","modified_gmt":"2025-08-18T08:34:48","slug":"documents-dinscription","status":"publish","type":"page","link":"https:\/\/aikido-lege-cap-ferret.fr\/?page_id=788","title":{"rendered":"Documents d&rsquo;inscription"},"content":{"rendered":"\n<div class=\"wp-block-file\"><object class=\"wp-block-file__embed\" data=\"http:\/\/aikido-lege-cap-ferret.fr\/wp-content\/uploads\/2025\/08\/fiche-inscription-25-26.pdf\" type=\"application\/pdf\" style=\"width:100%;height:600px\" aria-label=\"Contenu embarqu\u00e9 fiche inscription 25 26.\"><\/object><a id=\"wp-block-file--media-b7df78ef-2ff1-456a-9e90-706a2337ad5a\" href=\"http:\/\/aikido-lege-cap-ferret.fr\/wp-content\/uploads\/2025\/08\/fiche-inscription-25-26.pdf\">fiche inscription 25 26<\/a><a href=\"http:\/\/aikido-lege-cap-ferret.fr\/wp-content\/uploads\/2025\/08\/fiche-inscription-25-26.pdf\" class=\"wp-block-file__button\" download aria-describedby=\"wp-block-file--media-b7df78ef-2ff1-456a-9e90-706a2337ad5a\">T\u00e9l\u00e9charger<\/a><\/div>\n\n\n\n<p>ATTENTION : l&rsquo;attestation de sant\u00e9 s&rsquo;adresse au pratiquant qui renouvelle son inscription, ce qui lui \u00e9vite d&rsquo;obtenir un nouveau certificat m\u00e9dical si il r\u00e9pond \u00ab\u00a0non\u00a0\u00bb \u00e0 toute les questions. POUR UNE PREMIERE INSCRIPTION, LE CERTIFICAT MEDICAL EST OBLIGATOIRE !<\/p>\n\n\n\n<div class=\"wp-block-file\"><object class=\"wp-block-file__embed\" data=\"http:\/\/aikido-lege-cap-ferret.fr\/wp-content\/uploads\/2022\/09\/Questionnaire-sante-attestation-FFAAA.pdf\" type=\"application\/pdf\" style=\"width:100%;height:600px\" aria-label=\"Contenu embarqu\u00e9 Questionnaire sant\u00e9.\"><\/object><a id=\"wp-block-file--media-ec66c30a-990e-42d8-97e5-acf68858e5f6\" href=\"http:\/\/aikido-lege-cap-ferret.fr\/wp-content\/uploads\/2022\/09\/Questionnaire-sante-attestation-FFAAA.pdf\">Questionnaire sant\u00e9<\/a><a href=\"http:\/\/aikido-lege-cap-ferret.fr\/wp-content\/uploads\/2022\/09\/Questionnaire-sante-attestation-FFAAA.pdf\" class=\"wp-block-file__button\" download aria-describedby=\"wp-block-file--media-ec66c30a-990e-42d8-97e5-acf68858e5f6\">T\u00e9l\u00e9charger<\/a><\/div>\n\n\n\n<p class=\"has-text-align-center\"><strong>Pour r\u00e9gler votre cotisation par virement bancaire :<\/strong><\/p>\n\n\n\n<p class=\"has-text-align-center\">Association Cap A\u00efkido, 5 Impasse du Hourquet 33950 LEGE CAP FERRET<\/p>\n\n\n\n<p class=\"has-text-align-center\">Notre IBAN    :    <strong>FR76 1330 6000 5223 0951 3968 082<\/strong><\/p>\n\n\n\n<p class=\"has-text-align-center\">AGRIFRPP833<\/p>\n\n\n\n<p><\/p>\n\n\n\n<p><\/p>\n","protected":false},"excerpt":{"rendered":"<p>ATTENTION : l&rsquo;attestation de sant\u00e9 s&rsquo;adresse au pratiquant qui renouvelle son inscription, ce qui lui \u00e9vite d&rsquo;obtenir un nouveau certificat m\u00e9dical si il r\u00e9pond \u00ab\u00a0non\u00a0\u00bb \u00e0 toute les questions. POUR UNE PREMIERE INSCRIPTION, LE CERTIFICAT MEDICAL EST OBLIGATOIRE ! Pour r\u00e9gler votre cotisation par virement bancaire : Association Cap A\u00efkido, 5 Impasse du Hourquet 33950 &hellip; <a href=\"https:\/\/aikido-lege-cap-ferret.fr\/?page_id=788\" class=\"more-link\">Continuer la lecture<span class=\"screen-reader-text\"> de &laquo;&nbsp;Documents d&rsquo;inscription&nbsp;&raquo;<\/span><\/a><\/p>\n","protected":false},"author":1,"featured_media":0,"parent":0,"menu_order":0,"comment_status":"closed","ping_status":"closed","template":"","meta":[],"_links":{"self":[{"href":"https:\/\/aikido-lege-cap-ferret.fr\/index.php?rest_route=\/wp\/v2\/pages\/788"}],"collection":[{"href":"https:\/\/aikido-lege-cap-ferret.fr\/index.php?rest_route=\/wp\/v2\/pages"}],"about":[{"href":"https:\/\/aikido-lege-cap-ferret.fr\/index.php?rest_route=\/wp\/v2\/types\/page"}],"author":[{"embeddable":true,"href":"https:\/\/aikido-lege-cap-ferret.fr\/index.php?rest_route=\/wp\/v2\/users\/1"}],"replies":[{"embeddable":true,"href":"https:\/\/aikido-lege-cap-ferret.fr\/index.php?rest_route=%2Fwp%2Fv2%2Fcomments&post=788"}],"version-history":[{"count":13,"href":"https:\/\/aikido-lege-cap-ferret.fr\/index.php?rest_route=\/wp\/v2\/pages\/788\/revisions"}],"predecessor-version":[{"id":1076,"href":"https:\/\/aikido-lege-cap-ferret.fr\/index.php?rest_route=\/wp\/v2\/pages\/788\/revisions\/1076"}],"wp:attachment":[{"href":"https:\/\/aikido-lege-cap-ferret.fr\/index.php?rest_route=%2Fwp%2Fv2%2Fmedia&parent=788"}],"curies":[{"name":"wp","href":"https:\/\/api.w.org\/{rel}","templated":true}]}}