{"id":762,"date":"2022-06-30T09:33:01","date_gmt":"2022-06-30T07:33:01","guid":{"rendered":"http:\/\/aikido-lege-cap-ferret.fr\/?page_id=762"},"modified":"2022-06-30T09:33:01","modified_gmt":"2022-06-30T07:33:01","slug":"reglement-interieur","status":"publish","type":"page","link":"https:\/\/aikido-lege-cap-ferret.fr\/?page_id=762","title":{"rendered":"R\u00e8glement Int\u00e9rieur"},"content":{"rendered":"\n<p>Le r\u00e8glement int\u00e9rieur a \u00e9t\u00e9 \u00e9tabli en accord avec celui de la f\u00e9d\u00e9ration FFAAA dont est membre l\u2019association Cap A\u00efkido et en r\u00e9f\u00e9rence \u00e0 celui de la commission d\u2019\u00e9thique de la FFAAA.<\/p>\n\n\n\n<p>L\u2019a\u00efkido est un art martial japonais et les r\u00e8gles de ce r\u00e8glement int\u00e9rieur se rapprochent le plus possible de celles du pays d\u2019origine de la discipline.<\/p>\n\n\n\n<h1>1.&nbsp;&nbsp; Inscription&nbsp;:<\/h1>\n\n\n\n<p>La licence sportive, hormis le cas de licence d\u2019\u00e9t\u00e9, est valable du 1<sup>er<\/sup> septembre au 31 aout et doit \u00eatre renouvel\u00e9e chaque ann\u00e9e.<\/p>\n\n\n\n<p>Pour monter sur le tatami, les \u00e9l\u00e8ves doivent imp\u00e9rativement \u00eatre \u00e0 jour de leurs cotisations (licence f\u00e9d\u00e9rale, cotisation club elle-m\u00eame fix\u00e9e annuellement par l\u2019association), avoir remis la fiche de renseignements remplie, un certificat m\u00e9dical tous les 3 ans, (dans l\u2019intervalle l\u2019auto-questionnaire renseign\u00e9), les 2 derniers documents devant \u00eatre sign\u00e9s par le pratiquant ou son repr\u00e9sentant l\u00e9gal. Une autorisation parentale ou du repr\u00e9sentant l\u00e9gal est n\u00e9cessaire pour les pratiquants mineurs. Des cours d\u2019essai sont possibles pour un nouveau pratiquant, au nombre de 3.<\/p>\n\n\n\n<p>Les enfants doivent \u00eatre d\u00e9pos\u00e9s et r\u00e9cup\u00e9r\u00e9s au dojo et les parents s\u2019assurer de la pr\u00e9sence de l\u2019enseignant avant de laisser leur(s) enfant(s) au dojo.<\/p>\n\n\n\n<h1>2.&nbsp;&nbsp; Etiquette (Reishiki)&nbsp;:<\/h1>\n\n\n\n<p>&nbsp;Au d\u00e9but le sens de cet ensemble de r\u00e8gles peut appara\u00eetre obscur et leur signification sera peu \u00e0 peu plus claire au fil de la pratique. Les sempa\u00ef (anciens), aident les d\u00e9butants \u00e0 respecter l\u2019\u00e9tiquette. Ils doivent donc eux-m\u00eames \u00eatre irr\u00e9prochables. L\u2019exigence quant au respect de l\u2019\u00e9tiquette croit avec le niveau de pratique.<\/p>\n\n\n\n<p>Le salut au Kamiza&nbsp;: il s\u2019effectue en montant sur le tatami et en le quittant, \u00e0 genoux au Japon, souvent debout dans notre pays.<\/p>\n\n\n\n<p>Les armes sont rang\u00e9es si elles ne sont pas utilis\u00e9es, leur tranchant ou pointe jamais dirig\u00e9e vers le kamiza. Id\u00e9alement la pratique s\u2019effectue avec ses armes personnelles mais il est possible d\u2019utiliser celles du club. Elles ne sont jamais jet\u00e9es sur le tatami mais pos\u00e9es en fin d\u2019utilisation.<\/p>\n\n\n\n<p>Le Keikogi (dit kimono), est propre. Il comporte une ceinture, blanche ou noire selon le niveau technique. Le port du hakama d\u00e9pend aussi du niveau technique atteint. Le pratiquant peut avoir besoin de rajuster ceinture ou hakama pendant le cours, il ne le fait pas face au kamiza.<\/p>\n\n\n\n<p>Des zoris (sandales d\u00e9di\u00e9es au dojo) sont port\u00e9es pour les d\u00e9placements hors du tatami et rang\u00e9es correctement pendant le cours. Les colliers, bagues et boucles d\u2019oreilles ou autres, risques de blessures, doivent \u00eatre \u00f4t\u00e9es pendant le cours et l\u2019\u00e9l\u00e8ve pratique pieds nus (sauf probl\u00e8me d\u2019ordre m\u00e9dical) et t\u00eate nue.&nbsp;&nbsp; L\u2019hygi\u00e8ne corporelle du pratiquant doit \u00eatre parfaite. Des consignes compl\u00e9mentaires peuvent exister selon la situation sanitaire du moment.<\/p>\n\n\n\n<p>Les \u00e9l\u00e8ves sont assis en seiza (ou en tailleur en cas de blessure), et sur une m\u00eame ligne, centr\u00e9s par rapport au kamiza avant le cours et en fin de cours. Le moment de calme qui pr\u00e9c\u00e8de le cours permet de faire le vide, mettre \u00e0 distance les soucis du monde et se concentrer pleinement sur la pratique.<\/p>\n\n\n\n<p>Le cours commence par un salut au kamiza puis entre professeur et \u00e9l\u00e8ves.<\/p>\n\n\n\n<p>En cas d\u2019arriv\u00e9e en retard au cours, ce qui ne doit pas \u00eatre la norme, l\u2019\u00e9l\u00e8ve attend que le professeur lui fasse signe qu\u2019il est autoris\u00e9 \u00e0 monter sur le tatami.<\/p>\n\n\n\n<p>Pendant le cours, il n\u2019est pas permis de manger ni m\u00e2cher du chewing-gum. Les bouteilles d\u2019eau sont autoris\u00e9es pr\u00e8s du tatami et les pratiquants peuvent boire discr\u00e8tement sauf pendant que le professeur montre une technique.<\/p>\n\n\n\n<p>Le tatami n\u2019est quitt\u00e9 pendant le cours qu\u2019avec autorisation de l\u2019enseignant (blessure, malaise, hydratation).<\/p>\n\n\n\n<p>Lors du cours proprement dit, les \u00e9l\u00e8ves restent en seiza lors de la d\u00e9monstration par le professeur. Chaque \u00e9l\u00e8ve salue ensuite un partenaire et travaille la technique demand\u00e9e. En cas de difficult\u00e9, il est possible de saluer le professeur, d\u2019attendre qu\u2019il soit disponible et de poser la question. Les grad\u00e9s (shodan et au-del\u00e0) peuvent guider les d\u00e9butants, en silence, sans faire de cours \u00e0 l\u2019int\u00e9rieur du cours. En fin de technique, les \u00e9l\u00e8ves se repositionnent en seiza.<\/p>\n\n\n\n<p>Un visiteur peut venir regarder le cours&nbsp;: pr\u00e9venir le professeur et pr\u00e9venir la personne qu\u2019elle doit rester discr\u00e8te et silencieuse.<\/p>\n\n\n\n<p>Le cours se termine par le salut au kamiza puis entre professeur et \u00e9l\u00e8ves, le cours dure donc du salut du d\u00e9but au salut de fin. La responsabilit\u00e9 en cas de pratique hors de ce cadre n\u2019est plus celle du professeur.<\/p>\n\n\n\n<h1>3.&nbsp;&nbsp; Respect&nbsp;:<\/h1>\n\n\n\n<p>Le respect entre les personnes fait partie de l\u2019\u00e9tiquette.<\/p>\n\n\n\n<p>Filmer ou photographier est interdit pendant la pratique sauf autorisation du professeur.<\/p>\n\n\n\n<p>Utiliser les photos et films, en particulier sur les r\u00e9seaux sociaux, n\u2019est permis qu\u2019avec l\u2019autorisation du professeur (qui visionne chaque vid\u00e9o et\/photo) et l\u2019autorisation du responsable de l\u2019association, qui se sera assur\u00e9 du droit \u00e0 l\u2019image de chaque personne film\u00e9e\/photographi\u00e9e.<\/p>\n\n\n\n<p>Respect des pratiquants entre eux&nbsp;: notion de respect de l\u2019int\u00e9grit\u00e9 de ses partenaires (crit\u00e8re important lors des passages de grades).<\/p>\n\n\n\n<p>Respect du professeur pour ses \u00e9l\u00e8ves.<\/p>\n\n\n\n<p>Respect des \u00e9l\u00e8ves envers le professeur&nbsp;:<\/p>\n\n\n\n<p>Le professeur par ses cours permet la progression des \u00e9l\u00e8ves. La d\u00e9cision des passages de grades kyu, effectu\u00e9s au sein du club, est du ressort unique du professeur, comme la d\u00e9cision de pr\u00e9senter un \u00e9l\u00e8ve \u00e0 un grade Dan, passage de grade organis\u00e9 par les Ligues de la FFAAA. Bien s\u00fbr un \u00e9l\u00e8ve n\u2019est pr\u00e9sent\u00e9 \u00e0 un grade qu\u2019avec son accord mais la d\u00e9marche ne peut venir de lui.<\/p>\n\n\n\n<p>Lors des manifestations telles que d\u00e9monstrations, l\u2019enseignant choisit la forme de la prestation, les pratiquants pr\u00e9sents et toute l\u2019organisation technique.<\/p>\n\n\n\n<p>Le professeur est libre de son organisation technique et en d\u00e9cide enti\u00e8rement.<\/p>\n\n\n\n<p><strong>Cf&nbsp;<\/strong>: R\u00e8glement int\u00e9rieur du comit\u00e9 national d\u2019\u00e9thique et de d\u00e9ontologie de la FFAAA qui concerne chaque pratiquant, \u00e9l\u00e8ve comme professeur&nbsp;et interdit les comportements discriminatoires, sexistes.<\/p>\n\n\n\n<p>Respect envers l\u2019association&nbsp;:<\/p>\n\n\n\n<p>En droit les biens de l\u2019association lui appartiennent et nul ne peut se les approprier, qu\u2019il s\u2019agisse de mat\u00e9riel acquis (armes par exemple), de moyens de communication tels que site internet, comptes de r\u00e9seaux sociaux ou autres. Le non-respect du r\u00e8glement int\u00e9rieur peut entra\u00eener une exclusion d\u00e9finitive de l\u2019association. Toute personne ayant un comportement incorrect pourra \u00eatre exclue temporairement par le professeur ou un membre du bureau.<\/p>\n\n\n\n<hr class=\"wp-block-separator has-alpha-channel-opacity\"\/>\n\n\n\n<p><a id=\"_msocom_1\"><\/a><\/p>\n\n\n\n<p>Ce r\u00e8glement a \u00e9t\u00e9 approuv\u00e9 par le bureau de Cap A\u00efkido le 28 juin 2022 <\/p>\n","protected":false},"excerpt":{"rendered":"<p>Le r\u00e8glement int\u00e9rieur a \u00e9t\u00e9 \u00e9tabli en accord avec celui de la f\u00e9d\u00e9ration FFAAA dont est membre l\u2019association Cap A\u00efkido et en r\u00e9f\u00e9rence \u00e0 celui de la commission d\u2019\u00e9thique de la FFAAA. L\u2019a\u00efkido est un art martial japonais et les r\u00e8gles de ce r\u00e8glement int\u00e9rieur se rapprochent le plus possible de celles du pays d\u2019origine &hellip; <a href=\"https:\/\/aikido-lege-cap-ferret.fr\/?page_id=762\" class=\"more-link\">Continuer la lecture<span class=\"screen-reader-text\"> de &laquo;&nbsp;R\u00e8glement Int\u00e9rieur&nbsp;&raquo;<\/span><\/a><\/p>\n","protected":false},"author":1,"featured_media":0,"parent":0,"menu_order":0,"comment_status":"closed","ping_status":"closed","template":"","meta":[],"_links":{"self":[{"href":"https:\/\/aikido-lege-cap-ferret.fr\/index.php?rest_route=\/wp\/v2\/pages\/762"}],"collection":[{"href":"https:\/\/aikido-lege-cap-ferret.fr\/index.php?rest_route=\/wp\/v2\/pages"}],"about":[{"href":"https:\/\/aikido-lege-cap-ferret.fr\/index.php?rest_route=\/wp\/v2\/types\/page"}],"author":[{"embeddable":true,"href":"https:\/\/aikido-lege-cap-ferret.fr\/index.php?rest_route=\/wp\/v2\/users\/1"}],"replies":[{"embeddable":true,"href":"https:\/\/aikido-lege-cap-ferret.fr\/index.php?rest_route=%2Fwp%2Fv2%2Fcomments&post=762"}],"version-history":[{"count":1,"href":"https:\/\/aikido-lege-cap-ferret.fr\/index.php?rest_route=\/wp\/v2\/pages\/762\/revisions"}],"predecessor-version":[{"id":763,"href":"https:\/\/aikido-lege-cap-ferret.fr\/index.php?rest_route=\/wp\/v2\/pages\/762\/revisions\/763"}],"wp:attachment":[{"href":"https:\/\/aikido-lege-cap-ferret.fr\/index.php?rest_route=%2Fwp%2Fv2%2Fmedia&parent=762"}],"curies":[{"name":"wp","href":"https:\/\/api.w.org\/{rel}","templated":true}]}}