{"id":74,"date":"2019-08-18T16:17:06","date_gmt":"2019-08-18T14:17:06","guid":{"rendered":"http:\/\/aikido-lege-cap-ferret.fr\/?page_id=74"},"modified":"2020-02-17T11:44:08","modified_gmt":"2020-02-17T10:44:08","slug":"la-tenue","status":"publish","type":"page","link":"https:\/\/aikido-lege-cap-ferret.fr\/?page_id=74","title":{"rendered":"La Tenue"},"content":{"rendered":"\n<p> La tenue de base est le keikogi, appel\u00e9 \u00e0 tort \u00ab&nbsp;kimono&nbsp;\u00bb. Il se compose d&rsquo;une veste et d&rsquo;un pantalon en coton blanc. La veste est ferm\u00e9e par une ceinture.  Il s&rsquo;agit de la m\u00eame tenue qu&rsquo;en judo.<\/p>\n\n\n\n<div class=\"wp-block-image\"><figure class=\"aligncenter is-resized\"><img loading=\"lazy\" src=\"http:\/\/aikido-lege-cap-ferret.fr\/wp-content\/uploads\/2019\/08\/tenue.gif\" alt=\"\" class=\"wp-image-75\" width=\"149\" height=\"284\"\/><\/figure><\/div>\n\n\n\n<p> Lorsque le professeur estime que l&rsquo;\u00e9l\u00e8ve a acquis une technique satisfaisante, il l&rsquo;autorise \u00e0 porter le hakama, une sorte de pantalon flottant noir ou bleu fonc\u00e9.  <br><a href=\"https:\/\/fr.wikipedia.org\/wiki\/Hakama\" target=\"_blank\" rel=\"noreferrer noopener\" aria-label=\"Il \u00e9tait traditionnellement port\u00e9 par les nobles du Japon m\u00e9di\u00e9val, et notamment les samoura\u00efs.  (s\u2019ouvre dans un nouvel onglet)\">Il \u00e9tait traditionnellement port\u00e9 par les nobles du Japon m\u00e9di\u00e9val, et notamment les samoura\u00efs. <\/a><\/p>\n","protected":false},"excerpt":{"rendered":"<p>La tenue de base est le keikogi, appel\u00e9 \u00e0 tort \u00ab&nbsp;kimono&nbsp;\u00bb. Il se compose d&rsquo;une veste et d&rsquo;un pantalon en coton blanc. La veste est ferm\u00e9e par une ceinture. Il s&rsquo;agit de la m\u00eame tenue qu&rsquo;en judo. Lorsque le professeur estime que l&rsquo;\u00e9l\u00e8ve a acquis une technique satisfaisante, il l&rsquo;autorise \u00e0 porter le hakama, une &hellip; <a href=\"https:\/\/aikido-lege-cap-ferret.fr\/?page_id=74\" class=\"more-link\">Continuer la lecture<span class=\"screen-reader-text\"> de &laquo;&nbsp;La Tenue&nbsp;&raquo;<\/span><\/a><\/p>\n","protected":false},"author":1,"featured_media":0,"parent":0,"menu_order":0,"comment_status":"closed","ping_status":"closed","template":"","meta":[],"_links":{"self":[{"href":"https:\/\/aikido-lege-cap-ferret.fr\/index.php?rest_route=\/wp\/v2\/pages\/74"}],"collection":[{"href":"https:\/\/aikido-lege-cap-ferret.fr\/index.php?rest_route=\/wp\/v2\/pages"}],"about":[{"href":"https:\/\/aikido-lege-cap-ferret.fr\/index.php?rest_route=\/wp\/v2\/types\/page"}],"author":[{"embeddable":true,"href":"https:\/\/aikido-lege-cap-ferret.fr\/index.php?rest_route=\/wp\/v2\/users\/1"}],"replies":[{"embeddable":true,"href":"https:\/\/aikido-lege-cap-ferret.fr\/index.php?rest_route=%2Fwp%2Fv2%2Fcomments&post=74"}],"version-history":[{"count":3,"href":"https:\/\/aikido-lege-cap-ferret.fr\/index.php?rest_route=\/wp\/v2\/pages\/74\/revisions"}],"predecessor-version":[{"id":472,"href":"https:\/\/aikido-lege-cap-ferret.fr\/index.php?rest_route=\/wp\/v2\/pages\/74\/revisions\/472"}],"wp:attachment":[{"href":"https:\/\/aikido-lege-cap-ferret.fr\/index.php?rest_route=%2Fwp%2Fv2%2Fmedia&parent=74"}],"curies":[{"name":"wp","href":"https:\/\/api.w.org\/{rel}","templated":true}]}}