{"id":71,"date":"2019-08-18T15:41:40","date_gmt":"2019-08-18T13:41:40","guid":{"rendered":"http:\/\/aikido-lege-cap-ferret.fr\/?page_id=71"},"modified":"2020-11-08T14:03:15","modified_gmt":"2020-11-08T13:03:15","slug":"liens","status":"publish","type":"page","link":"https:\/\/aikido-lege-cap-ferret.fr\/?page_id=71","title":{"rendered":"Liens"},"content":{"rendered":"\n<ul><li><a rel=\"noreferrer noopener\" aria-label=\" (s\u2019ouvre dans un nouvel onglet)\" href=\"http:\/\/aikido.com.fr\" target=\"_blank\">F\u00e9d\u00e9ration Fran\u00e7aise d&rsquo;A\u00efkido, A\u00efkibudo et Affinitaires<\/a><\/li><li><a rel=\"noreferrer noopener\" aria-label=\" (s\u2019ouvre dans un nouvel onglet)\" href=\"http:\/\/aikido-cid-aquitaine-ffaaa.fr\" target=\"_blank\">CID Aquitaine<\/a> <\/li><li><a rel=\"noreferrer noopener\" aria-label=\"Stages d'A\u00efkido (s\u2019ouvre dans un nouvel onglet)\" href=\"https:\/\/www.stages-aikido.fr\/\" target=\"_blank\">Stages d&rsquo;A\u00efkido<\/a><\/li><li><a rel=\"noreferrer noopener\" aria-label=\"A\u00efki nage : Club d'a\u00efkido de Philippe L\u00e9on \u00e0 Pessac (s\u2019ouvre dans un nouvel onglet)\" href=\"http:\/\/www.aikinage.com\/index.html\" target=\"_blank\">A\u00efki nage : Club d&rsquo;a\u00efkido de Philippe L\u00e9on \u00e0 Pessac<\/a><\/li><li><a rel=\"noreferrer noopener\" aria-label=\"Matsukaze Bordeaux : Club d'a\u00efkido de Ludovic Caud\u00e9ran \u00e0 Martignas en Jalles (s\u2019ouvre dans un nouvel onglet)\" href=\"https:\/\/www.aikido-matsukaze.com\/dojo-de-martignas\" target=\"_blank\">Matsukaze Bordeaux : Club d&rsquo;a\u00efkido de Ludovic Cauderan \u00e0 Martignas en Jalles<\/a><\/li><li><a rel=\"noreferrer noopener\" aria-label=\"A\u00efkido et Ost\u00e9opathie (s\u2019ouvre dans un nouvel onglet)\" href=\"http:\/\/www.kokyuho.org\/aikido-et-osteopathie-texte-de-philippe-gouttard\" target=\"_blank\">A\u00efkido et Ost\u00e9opathie<\/a><\/li><li><a href=\"https:\/\/www.aikido-ec.org\/entrepreneuriat-et-aikido\" target=\"_blank\" rel=\"noreferrer noopener\" aria-label=\"L'entrepreneuriat et l'a\u00efkido (s\u2019ouvre dans un nouvel onglet)\">L&rsquo;entrepreneuriat et l&rsquo;a\u00efkido<\/a> (Echange &amp; contreverse)<\/li><li><a rel=\"noreferrer noopener\" aria-label=\" (s\u2019ouvre dans un nouvel onglet)\" href=\"http:\/\/ville-lege-capferret.fr\" target=\"_blank\">Mairie de L\u00e8ge Cap Ferret<\/a> <\/li><li><a rel=\"noreferrer noopener\" aria-label=\" (s\u2019ouvre dans un nouvel onglet)\" href=\"http:\/\/club.quomodo.com\/judoclub-legecapferret\" target=\"_blank\">Judo Club de L\u00e8ge Cap Ferret<\/a><\/li><\/ul>\n\n\n\n<ul><li><a rel=\"noreferrer noopener\" aria-label=\"Lexique illustr\u00e9  des attaques et des techniques (s\u2019ouvre dans un nouvel onglet)\" href=\"\/docs\/Aikido-Lexique-avec-dessins.pdf\" target=\"_blank\">Lexique illustr\u00e9  des attaques et des techniques<\/a><\/li><li><a rel=\"noreferrer noopener\" aria-label=\" (s\u2019ouvre dans un nouvel onglet)\" href=\"\/docs\/Aikido-Termes-de-base.pdf\" target=\"_blank\">Termes de base utilis\u00e9s en A\u00efkido<\/a><\/li><li> <a rel=\"noreferrer noopener\" aria-label=\" (s\u2019ouvre dans un nouvel onglet)\" href=\"\/docs\/Aikido-Traductions-Attaques-Techniques.pdf\" target=\"_blank\">Traductions des attaques et des techniques en A\u00efkido<\/a> <\/li><li><a rel=\"noreferrer noopener\" aria-label=\" (s\u2019ouvre dans un nouvel onglet)\" href=\"\/docs\/Aikido-Techniques-par-attaques.pdf\" target=\"_blank\">Techniques par attaque<\/a><\/li><li><a rel=\"noreferrer noopener\" aria-label=\" (s\u2019ouvre dans un nouvel onglet)\" href=\"\/docs\/Aikido-Techniques-par-grade.pdf\" target=\"_blank\">Techniques par grade<\/a><\/li><li><a href=\"\/docs\/Catalogue-techniques-aikido.html\" target=\"_blank\" rel=\"noreferrer noopener\" aria-label=\" (s\u2019ouvre dans un nouvel onglet)\">Catalogue des techniques d&rsquo;A\u00efkido avec une vid\u00e9o par technique<\/a>  (<a rel=\"noreferrer noopener\" aria-label=\" (s\u2019ouvre dans un nouvel onglet)\" href=\"http:\/\/www.makhno.fr\/ikilook\" target=\"_blank\">site\u00a0origine<\/a>)<\/li><li> <a rel=\"noreferrer noopener\" aria-label=\" (s\u2019ouvre dans un nouvel onglet)\" href=\"\/docs\/Aikido-Dictionnaire.pdf\" target=\"_blank\">Dictionnaire des mots japonais utilis\u00e9s en A\u00efkido<\/a><\/li><li><a rel=\"noreferrer noopener\" aria-label=\"Examen 1er Dan - Crit\u00e8res d'\u00e9valuation (opens in a new tab)\" href=\"\/docs\/Aikido-Crit\u00e8res \u00e9valuation 1er Dan.pdf\" target=\"_blank\">Examen 1er Dan &#8211; Crit\u00e8res d&rsquo;\u00e9valuation<\/a><\/li><li><a rel=\"noreferrer noopener\" aria-label=\"Pr\u00e9paration aux examens grade DAN (opens in a new tab)\" href=\"http:\/\/www.aikido-budo.fr\/preparation-examen-grade-dan\/\" target=\"_blank\">Pr\u00e9paration aux examens grade DAN<\/a><\/li><\/ul>\n\n\n\n<figure class=\"wp-block-image is-resized\"><img loading=\"lazy\" src=\"http:\/\/aikido-lege-cap-ferret.fr\/wp-content\/uploads\/2019\/08\/Bandeau-1024x175.jpg\" alt=\"\" class=\"wp-image-35\" width=\"606\" height=\"103\" srcset=\"https:\/\/aikido-lege-cap-ferret.fr\/wp-content\/uploads\/2019\/08\/Bandeau-1024x175.jpg 1024w, https:\/\/aikido-lege-cap-ferret.fr\/wp-content\/uploads\/2019\/08\/Bandeau-300x51.jpg 300w, https:\/\/aikido-lege-cap-ferret.fr\/wp-content\/uploads\/2019\/08\/Bandeau-768x131.jpg 768w, https:\/\/aikido-lege-cap-ferret.fr\/wp-content\/uploads\/2019\/08\/Bandeau-1568x268.jpg 1568w\" sizes=\"(max-width: 606px) 85vw, 606px\" \/><\/figure>\n","protected":false},"excerpt":{"rendered":"<p>F\u00e9d\u00e9ration Fran\u00e7aise d&rsquo;A\u00efkido, A\u00efkibudo et Affinitaires CID Aquitaine Stages d&rsquo;A\u00efkido A\u00efki nage : Club d&rsquo;a\u00efkido de Philippe L\u00e9on \u00e0 Pessac Matsukaze Bordeaux : Club d&rsquo;a\u00efkido de Ludovic Cauderan \u00e0 Martignas en Jalles A\u00efkido et Ost\u00e9opathie L&rsquo;entrepreneuriat et l&rsquo;a\u00efkido (Echange &amp; contreverse) Mairie de L\u00e8ge Cap Ferret Judo Club de L\u00e8ge Cap Ferret Lexique illustr\u00e9 des &hellip; <a href=\"https:\/\/aikido-lege-cap-ferret.fr\/?page_id=71\" class=\"more-link\">Continuer la lecture<span class=\"screen-reader-text\"> de &laquo;&nbsp;Liens&nbsp;&raquo;<\/span><\/a><\/p>\n","protected":false},"author":1,"featured_media":0,"parent":0,"menu_order":0,"comment_status":"closed","ping_status":"closed","template":"","meta":[],"_links":{"self":[{"href":"https:\/\/aikido-lege-cap-ferret.fr\/index.php?rest_route=\/wp\/v2\/pages\/71"}],"collection":[{"href":"https:\/\/aikido-lege-cap-ferret.fr\/index.php?rest_route=\/wp\/v2\/pages"}],"about":[{"href":"https:\/\/aikido-lege-cap-ferret.fr\/index.php?rest_route=\/wp\/v2\/types\/page"}],"author":[{"embeddable":true,"href":"https:\/\/aikido-lege-cap-ferret.fr\/index.php?rest_route=\/wp\/v2\/users\/1"}],"replies":[{"embeddable":true,"href":"https:\/\/aikido-lege-cap-ferret.fr\/index.php?rest_route=%2Fwp%2Fv2%2Fcomments&post=71"}],"version-history":[{"count":40,"href":"https:\/\/aikido-lege-cap-ferret.fr\/index.php?rest_route=\/wp\/v2\/pages\/71\/revisions"}],"predecessor-version":[{"id":562,"href":"https:\/\/aikido-lege-cap-ferret.fr\/index.php?rest_route=\/wp\/v2\/pages\/71\/revisions\/562"}],"wp:attachment":[{"href":"https:\/\/aikido-lege-cap-ferret.fr\/index.php?rest_route=%2Fwp%2Fv2%2Fmedia&parent=71"}],"curies":[{"name":"wp","href":"https:\/\/api.w.org\/{rel}","templated":true}]}}