{"id":679,"date":"2021-09-26T09:41:58","date_gmt":"2021-09-26T07:41:58","guid":{"rendered":"http:\/\/aikido-lege-cap-ferret.fr\/?page_id=679"},"modified":"2025-06-28T10:15:14","modified_gmt":"2025-06-28T08:15:14","slug":"le-bureau","status":"publish","type":"page","link":"https:\/\/aikido-lege-cap-ferret.fr\/?page_id=679","title":{"rendered":"Le Bureau"},"content":{"rendered":"\n<p>En date du 26 juin 2025, suite \u00e0 l&rsquo;assembl\u00e9e g\u00e9n\u00e9rale de l&rsquo;association, le comit\u00e9 directeur est compos\u00e9 de 4 membres list\u00e9s ci-dessous suivant l&rsquo;ordre alphab\u00e9tique de leur nom :<\/p>\n\n\n\n<p>Jean-Fran\u00e7ois Emonet<\/p>\n\n\n\n<p>Michel Jay<\/p>\n\n\n\n<p>Brigitte Lanneluc<\/p>\n\n\n\n<p>Steve Marsan<\/p>\n\n\n\n<p>En date du 26 juillet 2025, le comit\u00e9 directeur a \u00e9lu :<\/p>\n\n\n\n<p>Brigitte Lanneluc : Pr\u00e9sidente<\/p>\n\n\n\n<p>Michel Jay : Tr\u00e9sorier<\/p>\n\n\n\n<p>Steve Marsan : Secr\u00e9taire<\/p>\n","protected":false},"excerpt":{"rendered":"<p>En date du 26 juin 2025, suite \u00e0 l&rsquo;assembl\u00e9e g\u00e9n\u00e9rale de l&rsquo;association, le comit\u00e9 directeur est compos\u00e9 de 4 membres list\u00e9s ci-dessous suivant l&rsquo;ordre alphab\u00e9tique de leur nom : Jean-Fran\u00e7ois Emonet Michel Jay Brigitte Lanneluc Steve Marsan En date du 26 juillet 2025, le comit\u00e9 directeur a \u00e9lu : Brigitte Lanneluc : Pr\u00e9sidente Michel Jay &hellip; <a href=\"https:\/\/aikido-lege-cap-ferret.fr\/?page_id=679\" class=\"more-link\">Continuer la lecture<span class=\"screen-reader-text\"> de &laquo;&nbsp;Le Bureau&nbsp;&raquo;<\/span><\/a><\/p>\n","protected":false},"author":1,"featured_media":0,"parent":0,"menu_order":0,"comment_status":"closed","ping_status":"closed","template":"","meta":[],"_links":{"self":[{"href":"https:\/\/aikido-lege-cap-ferret.fr\/index.php?rest_route=\/wp\/v2\/pages\/679"}],"collection":[{"href":"https:\/\/aikido-lege-cap-ferret.fr\/index.php?rest_route=\/wp\/v2\/pages"}],"about":[{"href":"https:\/\/aikido-lege-cap-ferret.fr\/index.php?rest_route=\/wp\/v2\/types\/page"}],"author":[{"embeddable":true,"href":"https:\/\/aikido-lege-cap-ferret.fr\/index.php?rest_route=\/wp\/v2\/users\/1"}],"replies":[{"embeddable":true,"href":"https:\/\/aikido-lege-cap-ferret.fr\/index.php?rest_route=%2Fwp%2Fv2%2Fcomments&post=679"}],"version-history":[{"count":7,"href":"https:\/\/aikido-lege-cap-ferret.fr\/index.php?rest_route=\/wp\/v2\/pages\/679\/revisions"}],"predecessor-version":[{"id":1065,"href":"https:\/\/aikido-lege-cap-ferret.fr\/index.php?rest_route=\/wp\/v2\/pages\/679\/revisions\/1065"}],"wp:attachment":[{"href":"https:\/\/aikido-lege-cap-ferret.fr\/index.php?rest_route=%2Fwp%2Fv2%2Fmedia&parent=679"}],"curies":[{"name":"wp","href":"https:\/\/api.w.org\/{rel}","templated":true}]}}