{"id":62,"date":"2019-08-18T14:58:50","date_gmt":"2019-08-18T12:58:50","guid":{"rendered":"http:\/\/aikido-lege-cap-ferret.fr\/?page_id=62"},"modified":"2023-09-09T16:48:20","modified_gmt":"2023-09-09T14:48:20","slug":"la-pratique","status":"publish","type":"page","link":"https:\/\/aikido-lege-cap-ferret.fr\/?page_id=62","title":{"rendered":"La Pratique"},"content":{"rendered":"\n<p>Cap A\u00efkido vous propose deux cours  hebdomadaires s\u2019adressant \u00e0 tout public et tout \u00e2ge, \u00e0 toute personne  voulant d\u00e9couvrir et pratiquer l\u2019A\u00efkido.<\/p>\n\n\n\n<p>L\u2019a\u00efkido se compose de techniques avec armes et \u00e0 mains nues \nutilisant la force de l\u2019adversaire. Ces techniques visent non pas \u00e0 \nvaincre l\u2019adversaire, mais \u00e0 r\u00e9duire sa tentative d\u2019agression \u00e0 n\u00e9ant.<\/p>\n\n\n\n<div class=\"wp-block-image\"><figure class=\"alignright is-resized\"><img loading=\"lazy\" src=\"http:\/\/aikido-lege-cap-ferret.fr\/wp-content\/uploads\/2019\/08\/proj.jpg\" alt=\"\" class=\"wp-image-113\" width=\"306\" height=\"221\" srcset=\"https:\/\/aikido-lege-cap-ferret.fr\/wp-content\/uploads\/2019\/08\/proj.jpg 971w, https:\/\/aikido-lege-cap-ferret.fr\/wp-content\/uploads\/2019\/08\/proj-300x218.jpg 300w, https:\/\/aikido-lege-cap-ferret.fr\/wp-content\/uploads\/2019\/08\/proj-768x557.jpg 768w\" sizes=\"(max-width: 306px) 85vw, 306px\" \/><figcaption>kokyunage<\/figcaption><\/figure><\/div>\n\n\n\n<figure class=\"wp-block-image is-resized\"><img loading=\"lazy\" src=\"http:\/\/aikido-lege-cap-ferret.fr\/wp-content\/uploads\/2019\/08\/Kote-gaeshi-1-768x1024.jpg\" alt=\"\" class=\"wp-image-66\" width=\"260\" height=\"352\"\/><figcaption>Kotegaeshi<\/figcaption><\/figure>\n\n\n\n<p style=\"text-align:left\"> Le fondateur de l\u2019a\u00efkido,&nbsp;Morihei Ueshiba, ne voulait pas entendre  parler de comp\u00e9tition. <\/p>\n\n\n\n<figure class=\"wp-block-image\"><img loading=\"lazy\" width=\"647\" height=\"284\" src=\"http:\/\/aikido-lege-cap-ferret.fr\/wp-content\/uploads\/2019\/08\/Tenchi.jpg\" alt=\"\" class=\"wp-image-83\" srcset=\"https:\/\/aikido-lege-cap-ferret.fr\/wp-content\/uploads\/2019\/08\/Tenchi.jpg 647w, https:\/\/aikido-lege-cap-ferret.fr\/wp-content\/uploads\/2019\/08\/Tenchi-300x132.jpg 300w\" sizes=\"(max-width: 647px) 85vw, 647px\" \/><figcaption>tenchinage<\/figcaption><\/figure>\n\n\n\n<p>L\u2019accent est mis sur le d\u00e9veloppement complet de  l\u2019individu. Pendant les cours, les \u00e9l\u00e8ves observent l\u2019enseignant faire  la d\u00e9monstration d\u2019une technique et travaillent ensuite avec un  partenaire pour la r\u00e9pliquer.<\/p>\n\n\n\n<figure class=\"wp-block-video\"><video controls src=\"\/docs\/video\/twurdsn-Brigitte-et-Patrice.mp4\"><\/video><\/figure>\n\n\n\n<p>Video au Dojo de L\u00e8ge entre deux confinements : Sur une saisie en dynamique des deux mains par derri\u00e8re (ushiro ryote dori), la technique (shiho nage) est ex\u00e9cut\u00e9e de fa\u00e7on acad\u00e9mique par Brigitte Lanneluc (notre enseignante 4\u00e8me Dan) avec son partenaire Patrice Delmas (notre pr\u00e9sident).<\/p>\n","protected":false},"excerpt":{"rendered":"<p>Cap A\u00efkido vous propose deux cours hebdomadaires s\u2019adressant \u00e0 tout public et tout \u00e2ge, \u00e0 toute personne voulant d\u00e9couvrir et pratiquer l\u2019A\u00efkido. L\u2019a\u00efkido se compose de techniques avec armes et \u00e0 mains nues utilisant la force de l\u2019adversaire. Ces techniques visent non pas \u00e0 vaincre l\u2019adversaire, mais \u00e0 r\u00e9duire sa tentative d\u2019agression \u00e0 n\u00e9ant. Le &hellip; <a href=\"https:\/\/aikido-lege-cap-ferret.fr\/?page_id=62\" class=\"more-link\">Continuer la lecture<span class=\"screen-reader-text\"> de &laquo;&nbsp;La Pratique&nbsp;&raquo;<\/span><\/a><\/p>\n","protected":false},"author":1,"featured_media":0,"parent":0,"menu_order":0,"comment_status":"closed","ping_status":"closed","template":"","meta":[],"_links":{"self":[{"href":"https:\/\/aikido-lege-cap-ferret.fr\/index.php?rest_route=\/wp\/v2\/pages\/62"}],"collection":[{"href":"https:\/\/aikido-lege-cap-ferret.fr\/index.php?rest_route=\/wp\/v2\/pages"}],"about":[{"href":"https:\/\/aikido-lege-cap-ferret.fr\/index.php?rest_route=\/wp\/v2\/types\/page"}],"author":[{"embeddable":true,"href":"https:\/\/aikido-lege-cap-ferret.fr\/index.php?rest_route=\/wp\/v2\/users\/1"}],"replies":[{"embeddable":true,"href":"https:\/\/aikido-lege-cap-ferret.fr\/index.php?rest_route=%2Fwp%2Fv2%2Fcomments&post=62"}],"version-history":[{"count":14,"href":"https:\/\/aikido-lege-cap-ferret.fr\/index.php?rest_route=\/wp\/v2\/pages\/62\/revisions"}],"predecessor-version":[{"id":951,"href":"https:\/\/aikido-lege-cap-ferret.fr\/index.php?rest_route=\/wp\/v2\/pages\/62\/revisions\/951"}],"wp:attachment":[{"href":"https:\/\/aikido-lege-cap-ferret.fr\/index.php?rest_route=%2Fwp%2Fv2%2Fmedia&parent=62"}],"curies":[{"name":"wp","href":"https:\/\/api.w.org\/{rel}","templated":true}]}}