{"id":32,"date":"2019-08-18T12:58:03","date_gmt":"2019-08-18T10:58:03","guid":{"rendered":"http:\/\/aikido-lege-cap-ferret.fr\/?page_id=32"},"modified":"2026-05-02T17:45:14","modified_gmt":"2026-05-02T15:45:14","slug":"tarif","status":"publish","type":"page","link":"https:\/\/aikido-lege-cap-ferret.fr\/?page_id=32","title":{"rendered":"Tarif"},"content":{"rendered":"\n<figure class=\"wp-block-image\"><img loading=\"lazy\" width=\"1024\" height=\"175\" src=\"http:\/\/aikido-lege-cap-ferret.fr\/wp-content\/uploads\/2019\/08\/Bandeau-1024x175.jpg\" alt=\"\" class=\"wp-image-35\" srcset=\"https:\/\/aikido-lege-cap-ferret.fr\/wp-content\/uploads\/2019\/08\/Bandeau-1024x175.jpg 1024w, https:\/\/aikido-lege-cap-ferret.fr\/wp-content\/uploads\/2019\/08\/Bandeau-300x51.jpg 300w, https:\/\/aikido-lege-cap-ferret.fr\/wp-content\/uploads\/2019\/08\/Bandeau-768x131.jpg 768w, https:\/\/aikido-lege-cap-ferret.fr\/wp-content\/uploads\/2019\/08\/Bandeau-1568x268.jpg 1568w\" sizes=\"(max-width: 709px) 85vw, (max-width: 909px) 67vw, (max-width: 1362px) 62vw, 840px\" \/><\/figure>\n\n\n\n<p class=\"has-text-align-center has-large-font-size\"><strong>Saison 2025 &#8211; 202<\/strong>6<\/p>\n\n\n\n<p class=\"has-text-align-center has-medium-font-size\">Tarif Adulte : 130 \u20ac<\/p>\n\n\n\n<p class=\"has-text-align-center has-medium-font-size\">Tarif Enfant, Coll\u00e9gien, Lyc\u00e9en, \u00c9tudiant   : 100 \u20ac<\/p>\n\n\n\n<p class=\"has-text-align-center\">R\u00e9duction de 20 \u20ac pour et \u00e0 partir de la deuxi\u00e8me personne de la famille<\/p>\n\n\n\n<p class=\"has-text-align-center has-medium-font-size\"> Cotisation annuelle licence FFAAA comprise  <\/p>\n\n\n\n<p class=\"has-text-align-center has-medium-font-size\"><strong>Participez \u00e0 2 cours d&rsquo;essai gratuits<\/strong><\/p>\n\n\n\n<p><br><\/p>\n","protected":false},"excerpt":{"rendered":"<p>Saison 2025 &#8211; 2026 Tarif Adulte : 130 \u20ac Tarif Enfant, Coll\u00e9gien, Lyc\u00e9en, \u00c9tudiant : 100 \u20ac R\u00e9duction de 20 \u20ac pour et \u00e0 partir de la deuxi\u00e8me personne de la famille Cotisation annuelle licence FFAAA comprise Participez \u00e0 2 cours d&rsquo;essai gratuits<\/p>\n","protected":false},"author":1,"featured_media":0,"parent":0,"menu_order":0,"comment_status":"closed","ping_status":"closed","template":"","meta":[],"_links":{"self":[{"href":"https:\/\/aikido-lege-cap-ferret.fr\/index.php?rest_route=\/wp\/v2\/pages\/32"}],"collection":[{"href":"https:\/\/aikido-lege-cap-ferret.fr\/index.php?rest_route=\/wp\/v2\/pages"}],"about":[{"href":"https:\/\/aikido-lege-cap-ferret.fr\/index.php?rest_route=\/wp\/v2\/types\/page"}],"author":[{"embeddable":true,"href":"https:\/\/aikido-lege-cap-ferret.fr\/index.php?rest_route=\/wp\/v2\/users\/1"}],"replies":[{"embeddable":true,"href":"https:\/\/aikido-lege-cap-ferret.fr\/index.php?rest_route=%2Fwp%2Fv2%2Fcomments&post=32"}],"version-history":[{"count":19,"href":"https:\/\/aikido-lege-cap-ferret.fr\/index.php?rest_route=\/wp\/v2\/pages\/32\/revisions"}],"predecessor-version":[{"id":1116,"href":"https:\/\/aikido-lege-cap-ferret.fr\/index.php?rest_route=\/wp\/v2\/pages\/32\/revisions\/1116"}],"wp:attachment":[{"href":"https:\/\/aikido-lege-cap-ferret.fr\/index.php?rest_route=%2Fwp%2Fv2%2Fmedia&parent=32"}],"curies":[{"name":"wp","href":"https:\/\/api.w.org\/{rel}","templated":true}]}}