{"id":106,"date":"2019-08-18T18:36:31","date_gmt":"2019-08-18T16:36:31","guid":{"rendered":"http:\/\/aikido-lege-cap-ferret.fr\/?page_id=106"},"modified":"2025-08-18T10:56:42","modified_gmt":"2025-08-18T08:56:42","slug":"video","status":"publish","type":"page","link":"https:\/\/aikido-lege-cap-ferret.fr\/?page_id=106","title":{"rendered":"Vid\u00e9o"},"content":{"rendered":"\n<figure class=\"wp-block-video\"><video controls src=\"http:\/\/aikido-lege-cap-ferret.fr\/wp-content\/uploads\/2019\/08\/aikido.mp4\"><\/video><\/figure>\n\n\n\n<figure class=\"wp-block-video\"><video controls src=\"http:\/\/aikido-lege-cap-ferret.fr\/wp-content\/uploads\/2019\/08\/Strong-and-Beautiful-Aikido-Part-2-Hiromi-Matsuoka-4-dan.mp4\"><\/video><\/figure>\n\n\n\n<h2>Iromi Matsuoka <br>Aikido Shinbukan Dojo &#8211; Japon &#8211; 4e DAN<\/h2>\n\n\n\n<ul><li>Jean Gabriel Gresl\u00e9, \u00e9l\u00e8ve du fondateur  &#8211; <a rel=\"noreferrer noopener\" aria-label=\"Qu'est ce que l'A\u00efkido ? (opens in a new tab)\" href=\"https:\/\/youtu.be\/Kjr30yK7WBk\" target=\"_blank\">Qu&rsquo;est ce que l&rsquo;A\u00efkido ?<\/a><\/li><li>Christian Tissier, 8e dan  &#8211; <a rel=\"noreferrer noopener\" aria-label=\"Qu'est ce que l'A\u00efkido ? (opens in a new tab)\" href=\"https:\/\/youtu.be\/l2RHngKvFBw?t=22\" target=\"_blank\">Ma vie avec l&rsquo;A\u00efkido<\/a><\/li><li>Yoshimitsu Yamada, 8\u00e8me dan &#8211; <a rel=\"noreferrer noopener\" href=\"https:\/\/youtu.be\/xXWgXiODqLo\" target=\"_blank\">A\u00efkido technique<\/a> <\/li><li>Christian Tissier &#8211; <a rel=\"noreferrer noopener\" aria-label=\"Programme Kyu (s\u2019ouvre dans un nouvel onglet)\" href=\"https:\/\/youtu.be\/t7gmEpeRmf4?t=167\" target=\"_blank\">Programme Kyu<\/a><\/li><li>Christian Tissier &#8211; <a rel=\"noreferrer noopener\" href=\"https:\/\/www.youtube.com\/watch?v=JTG8txjFNZg\" target=\"_blank\">Les 5 premiers principes<\/a><\/li><li> Ueshiba Moriteru &#8211; <a rel=\"noreferrer noopener\" aria-label=\"D\u00e9monstration \u00e0 l'Aikijinja Taisai 2013 (opens in a new tab)\" href=\"https:\/\/youtu.be\/kOhjG9ClCVk\" target=\"_blank\">D\u00e9monstration \u00e0 l&rsquo;Aikijinja Taisai 2013<\/a><\/li><li>Moriteru Ueshiba &#8211; <a rel=\"noreferrer noopener\" aria-label=\"D\u00e9monstration 2018 (opens in a new tab)\" href=\"https:\/\/youtu.be\/mxVwsj66Bt8\" target=\"_blank\">D\u00e9monstration 2018<\/a><\/li><li> Shirakawa Ryuji &#8211; <a rel=\"noreferrer noopener\" aria-label=\"Beaux mouvements (opens in a new tab)\" href=\"https:\/\/youtu.be\/x9utyTX2yWI\" target=\"_blank\">Beaux mouvements<\/a><\/li><li>Stefan Stenudd, 7\u00e8me dan &#8211; <a rel=\"noreferrer noopener\" aria-label=\"Kokyu nage (opens in a new tab)\" href=\"https:\/\/youtu.be\/UMjZYrWXMc4\" target=\"_blank\">Kokyu nage<\/a><\/li><li>Stefan Stenudd &#8211; <a rel=\"noreferrer noopener\" aria-label=\"Kokyu ho (opens in a new tab)\" href=\"https:\/\/youtu.be\/eNktBj2hW88\" target=\"_blank\">Kokyu ho<\/a><\/li><li> Stefan Stenudd &#8211; <a rel=\"noreferrer noopener\" aria-label=\"Tenchi nage (opens in a new tab)\" href=\"https:\/\/youtu.be\/79L8tJpM7Mc\" target=\"_blank\">Tenchi nage<\/a><\/li><li> Stefan Stenudd &#8211;  <a rel=\"noreferrer noopener\" aria-label=\"Shiho nage (opens in a new tab)\" href=\"https:\/\/youtu.be\/yrxY8NJnUbw\" target=\"_blank\">Shiho nage<\/a><\/li><li>Stefan Stenudd &#8211; <a rel=\"noreferrer noopener\" aria-label=\"Irimi nage (opens in a new tab)\" href=\"https:\/\/youtu.be\/LZpPUhXx8Nc\" target=\"_blank\">Irimi nage<\/a><\/li><li> Stefan Stenudd &#8211;  <a rel=\"noreferrer noopener\" aria-label=\" (opens in a new tab)\" href=\"https:\/\/youtu.be\/sC2I9Iotiu4\" target=\"_blank\">Kotegaeshi<\/a><\/li><li>Stefan Stenudd &#8211;  <a rel=\"noreferrer noopener\" aria-label=\"Ikkyo (opens in a new tab)\" href=\"https:\/\/youtu.be\/uR0Qg8GAaFA\" target=\"_blank\">Ikkyo<\/a> &#8211; <a rel=\"noreferrer noopener\" aria-label=\"Nikyo (opens in a new tab)\" href=\"https:\/\/youtu.be\/RRJNv2fdxCc\" target=\"_blank\">Nikyo<\/a> &#8211; <a rel=\"noreferrer noopener\" aria-label=\"Sankyo (opens in a new tab)\" href=\"https:\/\/youtu.be\/IpLF2CZjaPY\" target=\"_blank\">Sankyo<\/a> &#8211;<a rel=\"noreferrer noopener\" aria-label=\" Yonky (s\u2019ouvre dans un nouvel onglet)\" href=\"https:\/\/www.youtube.com\/watch?v=nF7cxegO-oo\" target=\"_blank\"> Yonkyo<\/a><\/li><li>Ben Elalmi, 4\u00e8me dan &#8211; <a rel=\"noreferrer noopener\" aria-label=\"Gokyo (s\u2019ouvre dans un nouvel onglet)\" href=\"https:\/\/www.youtube.com\/watch?v=d_QhAtJZ5xw&amp;pbjreload=10\" target=\"_blank\">Gokyo<\/a><\/li><li>Stefan Stenudd &#8211; Tanto dori &#8211; Attaque Chudan tsuki &#8211; <a rel=\"noreferrer noopener\" aria-label=\"Tanto dori (opens in a new tab)\" href=\"https:\/\/youtu.be\/6m_h8tUS9Y0\" target=\"_blank\">Kotegaechi<\/a> &#8211; <a rel=\"noreferrer noopener\" aria-label=\"Ikkyo (opens in a new tab)\" href=\"https:\/\/youtu.be\/EeeOqPO5X30\" target=\"_blank\">Ikkyo<\/a> &#8211; <a rel=\"noreferrer noopener\" aria-label=\"Sankyo (opens in a new tab)\" href=\"https:\/\/youtu.be\/xESnHOOP4M0\" target=\"_blank\">Sankyo<\/a> &#8211; <a rel=\"noreferrer noopener\" aria-label=\"Shiho nage (opens in a new tab)\" href=\"https:\/\/youtu.be\/hKuaa3oygTU\" target=\"_blank\">Shiho nage<\/a> &#8211; <a rel=\"noreferrer noopener\" aria-label=\"Irimi nage (opens in a new tab)\" href=\"https:\/\/youtu.be\/EyJT8v6gqSo\" target=\"_blank\">Irimi nage<\/a><\/li><li>Fran\u00e7ois Pichereau &#8211; Tanto dori &#8211; Attaque Shomen ushi &#8211;<a rel=\"noreferrer noopener\" aria-label=\" Gokyo (s\u2019ouvre dans un nouvel onglet)\" href=\"https:\/\/www.youtube.com\/watch?v=jaBjyrGxzR4\" target=\"_blank\"> Gokyo<\/a> &#8211;<a rel=\"noreferrer noopener\" aria-label=\"Hiji kime ossae (s\u2019ouvre dans un nouvel onglet)\" href=\"http:\/\/Fran\u00e7ois Pichereau \u2013 Tanto dori \u2013 Attaque Shomen ushi \u2013 Gokyo -Idji kime ossae\" target=\"_blank\">Hiji kime ossae<\/a> &#8211; <a rel=\"noreferrer noopener\" aria-label=\"Kotegaeshi (s\u2019ouvre dans un nouvel onglet)\" href=\"https:\/\/www.youtube.com\/watch?v=DoA39JcbsZM\" target=\"_blank\">Kotegaeshi<\/a> &#8211; <a rel=\"noreferrer noopener\" aria-label=\"Sankyo (s\u2019ouvre dans un nouvel onglet)\" href=\"https:\/\/www.youtube.com\/watch?v=Lv6xr0n7wVU\" target=\"_blank\">Sankyo<\/a>  &#8211; <a rel=\"noreferrer noopener\" aria-label=\"Irimi nage (s\u2019ouvre dans un nouvel onglet)\" href=\"https:\/\/www.youtube.com\/watch?v=uZmv-dtfz3g\" target=\"_blank\">Irimi nage<\/a> <\/li><li>Stefan Stenudd &#8211; <a rel=\"noreferrer noopener\" aria-label=\"Jo dori (opens in a new tab)\" href=\"https:\/\/youtu.be\/p04rz0WBEQw\" target=\"_blank\">Jo dori<\/a><\/li><li> Stefan Stenudd &#8211; <a rel=\"noreferrer noopener\" aria-label=\"Diff\u00e9rents types d'attaque (opens in a new tab)\" href=\"https:\/\/youtu.be\/VZuIVF6lmZQ\" target=\"_blank\">Diff\u00e9rents types d&rsquo;attaque<\/a>  <a rel=\"noreferrer noopener\" aria-label=\"Suite (opens in a new tab)\" href=\"https:\/\/youtu.be\/NPbZMcI9a88\" target=\"_blank\">Suite<\/a><\/li><li> Stefan Stenudd &#8211; Techniques sur attaques &#8211; <a rel=\"noreferrer noopener\" href=\"https:\/\/youtu.be\/6aMA4c4NHwg\" target=\"_blank\">Tsuki<\/a>  &#8211; <a rel=\"noreferrer noopener\" aria-label=\"Ushiro (opens in a new tab)\" href=\"https:\/\/youtu.be\/mTYiovXrtzA\" target=\"_blank\">Ushiro<\/a> &#8211; <a rel=\"noreferrer noopener\" aria-label=\"Mae geri (opens in a new tab)\" href=\"https:\/\/youtu.be\/YY8xPVklX9I\" target=\"_blank\">Mae geri<\/a><\/li><li>Stefan Stenudd &#8211; <a rel=\"noreferrer noopener\" aria-label=\"Centrage (opens in a new tab)\" href=\"https:\/\/youtu.be\/f_Zcb13Vwz4\" target=\"_blank\">Centrage<\/a> &#8211; <a rel=\"noreferrer noopener\" aria-label=\"Aiki (opens in a new tab)\" href=\"https:\/\/youtu.be\/pyGUMyP67Oo\" target=\"_blank\">Aiki<\/a> &#8211; <a rel=\"noreferrer noopener\" aria-label=\"Keashi wasa (opens in a new tab)\" href=\"https:\/\/youtu.be\/QBQNjmFHUtQ\" target=\"_blank\">Keashi wasa<\/a><\/li><li>Stefan Stenudd &#8211; <a rel=\"noreferrer noopener\" aria-label=\"Aikiken (opens in a new tab)\" href=\"https:\/\/youtu.be\/jH7kwai40Yg\" target=\"_blank\">Aikiken<\/a><\/li><li>Andr\u00e9 Cognard &#8211; <a rel=\"noreferrer noopener\" aria-label=\"L'espace 1\/3 (s\u2019ouvre dans un nouvel onglet)\" href=\"https:\/\/youtu.be\/mC_0ZVlOuio\" target=\"_blank\">L&rsquo;espace 1\/3<\/a> &#8211; <a rel=\"noreferrer noopener\" aria-label=\"2\/3 (s\u2019ouvre dans un nouvel onglet)\" href=\"https:\/\/youtu.be\/hTXTaBT6-8Q\" target=\"_blank\">2\/3<\/a> &#8211; <a rel=\"noreferrer noopener\" aria-label=\"3\/3 (s\u2019ouvre dans un nouvel onglet)\" href=\"https:\/\/youtu.be\/JYV9PLUQhtk\" target=\"_blank\">3\/3<\/a><\/li><li>Andr\u00e9 Cognard &#8211; <a rel=\"noreferrer noopener\" aria-label=\"Les distances 1\/2 (s\u2019ouvre dans un nouvel onglet)\" href=\"https:\/\/youtu.be\/u2fvMOKRbRs\" target=\"_blank\">Les distances 1\/2<\/a> &#8211; <a rel=\"noreferrer noopener\" aria-label=\"2\/2 (s\u2019ouvre dans un nouvel onglet)\" href=\"https:\/\/youtu.be\/4F6uFNg4dF8\" target=\"_blank\">2\/2<\/a><\/li><li>Andr\u00e9 Cognard &#8211; <a rel=\"noreferrer noopener\" aria-label=\"Geste \u00e9thique 1\/3 (s\u2019ouvre dans un nouvel onglet)\" href=\"https:\/\/youtu.be\/54tB5ILXA_w\" target=\"_blank\">Geste \u00e9thique 1\/3<\/a> &#8211; <a rel=\"noreferrer noopener\" aria-label=\"2\/3 (s\u2019ouvre dans un nouvel onglet)\" href=\"https:\/\/youtu.be\/kB3KT08ILhc\" target=\"_blank\">2\/3<\/a> &#8211; <a rel=\"noreferrer noopener\" aria-label=\"3\/3 (s\u2019ouvre dans un nouvel onglet)\" href=\"https:\/\/youtu.be\/ii4krCFPD34\" target=\"_blank\">3\/3<\/a><\/li><li>Andr\u00e9 Cognard &#8211; <a rel=\"noreferrer noopener\" aria-label=\"Kokyu ho (s\u2019ouvre dans un nouvel onglet)\" href=\"https:\/\/youtu.be\/Cr3sI1aEPGg\" target=\"_blank\">Kokyu ho<\/a> &#8211; <a rel=\"noreferrer noopener\" aria-label=\"2 mains (s\u2019ouvre dans un nouvel onglet)\" href=\"https:\/\/youtu.be\/gVIZduw3cB8\" target=\"_blank\">2 mains<\/a> &#8211; <a rel=\"noreferrer noopener\" aria-label=\"Atemi et meguri (s\u2019ouvre dans un nouvel onglet)\" href=\"https:\/\/youtu.be\/XsKQ6J6UIgo\" target=\"_blank\">Atemi et meguri<\/a> &#8211; <\/li><li>Jean Gabriel Gresl\u00e9, \u00e9l\u00e8ve de Morihei Ueshiba &#8211; <a rel=\"noreferrer noopener\" href=\"https:\/\/youtu.be\/Kjr30yK7WBk\" target=\"_blank\">Ecole de La Marsange 1\/4<\/a> &#8211;<a rel=\"noreferrer noopener\" href=\"https:\/\/youtu.be\/JKDzwRurYiw\" target=\"_blank\"> 2\/4<\/a> &#8211; <a rel=\"noreferrer noopener\" href=\"https:\/\/youtu.be\/FpdGRCLGKaY\" target=\"_blank\">3\/4<\/a> &#8211; <a rel=\"noreferrer noopener\" href=\"https:\/\/youtu.be\/gwIAQsUHXYQ\" target=\"_blank\">4\/4<\/a> <\/li><li> <a rel=\"noreferrer noopener\" href=\"http:\/\/aikido-lege-cap-ferret.fr\/docs\/Catalogue-techniques-aikido.html\" target=\"_blank\">Catalogue des techniques d&rsquo;A\u00efkido avec une vid\u00e9o par technique<\/a>  (<a rel=\"noreferrer noopener\" href=\"http:\/\/www.makhno.fr\/ikilook\" target=\"_blank\">site\u00a0origine<\/a>) <\/li><\/ul>\n\n\n\n<p><\/p>\n","protected":false},"excerpt":{"rendered":"<p>Iromi Matsuoka Aikido Shinbukan Dojo &#8211; Japon &#8211; 4e DAN Jean Gabriel Gresl\u00e9, \u00e9l\u00e8ve du fondateur &#8211; Qu&rsquo;est ce que l&rsquo;A\u00efkido ? Christian Tissier, 8e dan &#8211; Ma vie avec l&rsquo;A\u00efkido Yoshimitsu Yamada, 8\u00e8me dan &#8211; A\u00efkido technique Christian Tissier &#8211; Programme Kyu Christian Tissier &#8211; Les 5 premiers principes Ueshiba Moriteru &#8211; D\u00e9monstration \u00e0 &hellip; <a href=\"https:\/\/aikido-lege-cap-ferret.fr\/?page_id=106\" class=\"more-link\">Continuer la lecture<span class=\"screen-reader-text\"> de &laquo;&nbsp;Vid\u00e9o&nbsp;&raquo;<\/span><\/a><\/p>\n","protected":false},"author":1,"featured_media":0,"parent":0,"menu_order":0,"comment_status":"closed","ping_status":"closed","template":"","meta":[],"_links":{"self":[{"href":"https:\/\/aikido-lege-cap-ferret.fr\/index.php?rest_route=\/wp\/v2\/pages\/106"}],"collection":[{"href":"https:\/\/aikido-lege-cap-ferret.fr\/index.php?rest_route=\/wp\/v2\/pages"}],"about":[{"href":"https:\/\/aikido-lege-cap-ferret.fr\/index.php?rest_route=\/wp\/v2\/types\/page"}],"author":[{"embeddable":true,"href":"https:\/\/aikido-lege-cap-ferret.fr\/index.php?rest_route=\/wp\/v2\/users\/1"}],"replies":[{"embeddable":true,"href":"https:\/\/aikido-lege-cap-ferret.fr\/index.php?rest_route=%2Fwp%2Fv2%2Fcomments&post=106"}],"version-history":[{"count":55,"href":"https:\/\/aikido-lege-cap-ferret.fr\/index.php?rest_route=\/wp\/v2\/pages\/106\/revisions"}],"predecessor-version":[{"id":1078,"href":"https:\/\/aikido-lege-cap-ferret.fr\/index.php?rest_route=\/wp\/v2\/pages\/106\/revisions\/1078"}],"wp:attachment":[{"href":"https:\/\/aikido-lege-cap-ferret.fr\/index.php?rest_route=%2Fwp%2Fv2%2Fmedia&parent=106"}],"curies":[{"name":"wp","href":"https:\/\/api.w.org\/{rel}","templated":true}]}}